{"id":5532,"date":"2019-02-22T15:18:41","date_gmt":"2019-02-22T15:18:41","guid":{"rendered":"https:\/\/riomaresvizzera.iridesfizio.it\/?page_id=5532"},"modified":"2023-03-06T14:13:48","modified_gmt":"2023-03-06T14:13:48","slug":"sante-et-bien-etre","status":"publish","type":"page","link":"https:\/\/www.riomare.ch\/fr\/sante-et-bien-etre\/","title":{"rendered":"Sant\u00e9 et bien-\u00eatre"},"content":{"rendered":"\n\n  <div class=\"banner has-hover\" id=\"banner-562520622\">\n          <div class=\"banner-inner fill\">\n        <div class=\"banner-bg fill\" >\n            <div class=\"bg fill bg-fill \"><\/div>\n                                    \n                    <\/div>\n        <div class=\"banner-layers container\">\n            <div class=\"fill banner-link\"><\/div>            \n\n   <div id=\"text-box-2036591819\" class=\"text-box banner-layer x50 md-x0 lg-x0 y90 md-y95 lg-y95 res-text\">\n                                <div class=\"text-box-content text \">\n              \n              <div class=\"text-inner text-left\">\n                  \n\n<h1 class=\"plutobold blue\" style=\"font-size: 30px; line-height: 34px;\">Manger du poisson et vivre mieux <\/h1>\n<p style=\"margin-bottom: 10px !important; font-size: 18px; line-height: 22px;\">Le poisson Rio Mare pr\u00e9sente la plupart des qualit\u00e9s nutritionnelles du poisson frais ainsi que des prot\u00e9ines nobles, des sels min\u00e9raux, des vitamines et des acides gras Omega-3.<\/p>\n<p class=\"blue\" style=\"font-size: 18px; line-height: 22px; color: #008fcc;\">Apprends-en davantage sur le poisson Rio Mare et ses propri\u00e9t\u00e9s nutritionnelles<\/p>\n\n              <\/div>\n           <\/div>\n                            \n<style>\n#text-box-2036591819 .text-box-content {\n  background-color: rgb(255, 255, 255);\n  font-size: 86%;\n}\n#text-box-2036591819 .text-inner {\n  padding: 40px 30px 40px 30px;\n}\n#text-box-2036591819 {\n  width: 90%;\n}\n@media (min-width:550px) {\n  #text-box-2036591819 {\n    width: 67%;\n  }\n}\n@media (min-width:850px) {\n  #text-box-2036591819 {\n    width: 35%;\n  }\n}\n<\/style>\n    <\/div>\n \n\n        <\/div>\n      <\/div>\n\n            \n<style>\n#banner-562520622 {\n  padding-top: 700px;\n}\n#banner-562520622 .bg.bg-loaded {\n  background-image: url(https:\/\/www.riomare.ch\/wp-content\/uploads\/2018\/04\/header-pagina-nutrizione-1-1024x427.jpg);\n}\n<\/style>\n  <\/div>\n\n\n\t<section class=\"section hoverposts dark\" id=\"section_919498597\">\n\t\t<div class=\"bg section-bg fill bg-fill  bg-loaded\" >\n\n\t\t\t\n\t\t\t\n\t\t\t\n\n\t\t<\/div>\n\n\t\t<div class=\"section-content relative\">\n\t\t\t\n\n<div class=\"row align-equal rowlarge\"  id=\"row-1740739830\">\n\n\n\t<div id=\"col-1571285051\" class=\"col linkpescenelladieta medium-6 small-12 large-3\"  >\n\t\t\t\t<div class=\"col-inner\"  >\n\t\t\t\n\t\t\t\n\n<h3 class=\"plutobold\" style=\"padding: 0px 10px; font-size: 24px; line-height: 26px;\">Le poisson dans le r\u00e9gime m\u00e9diterran\u00e9en<\/h3>\n\t<div class=\"img has-hover x md-x lg-x y md-y lg-y\" id=\"image_177780827\">\n\t\t<a class=\"\" href=\"https:\/\/www.riomare.ch\/fr\/le-poisson-dans-le-regime-mediterraneen\/\"  >\t\t\t\t\t\t<div class=\"img-inner dark\" >\n\t\t\t<img width=\"350\" height=\"200\" src=\"https:\/\/www.riomare.ch\/wp-content\/uploads\/2018\/04\/shutterstock_415721434.png\" class=\"attachment-large size-large\" alt=\"\" decoding=\"async\" loading=\"lazy\" srcset=\"https:\/\/www.riomare.ch\/wp-content\/uploads\/2018\/04\/shutterstock_415721434.png 350w, https:\/\/www.riomare.ch\/wp-content\/uploads\/2018\/04\/shutterstock_415721434-300x171.png 300w\" sizes=\"(max-width: 350px) 100vw, 350px\" \/>\t\t\t\t\t\t\n\t\t\t\t\t<\/div>\n\t\t\t\t\t\t<\/a>\t\t\n<style>\n#image_177780827 {\n  width: 100%;\n}\n<\/style>\n\t<\/div>\n\t\n\n<p style=\"font-size: 16px; line-height: 20px; padding: 0px 10px !important;\">Une alimentation correcte et une vie active jouent un r\u00f4le essentiel dans la pr\u00e9vention de nombreuses maladies aujourd&rsquo;hui courantes, consid\u00e9r\u00e9es comme les \u00abmaladies du bien-\u00eatre\u00bb. <\/p>\n<p class=\"plutobold uppercase\" style=\"margin-top: 30px !important; font-size: 18px; padding: 0px 10px !important;\"><a href=\"\/fr\/le-poisson-dans-le-regime-mediterraneen\/ \">Pour en savoir plus<\/a><\/p>\n\n\n\t\t<\/div>\n\t\t\t\t\n<style>\n#col-1571285051 > .col-inner {\n  padding: 100px 10px 30px 10px;\n}\n<\/style>\n\t<\/div>\n\n\t\n\n\t<div id=\"col-1825375276\" class=\"col linkprezioserisorse medium-6 small-12 large-3\"  >\n\t\t\t\t<div class=\"col-inner\"  >\n\t\t\t\n\t\t\t\n\n<h3 class=\"plutobold\" style=\"padding: 0px 10px; font-size: 24px; line-height: 26px;\">Une ressource pr\u00e9cieuse pour notre bien-\u00eatre<\/h3>\n\t<div class=\"img has-hover x md-x lg-x y md-y lg-y\" id=\"image_1759019603\">\n\t\t<a class=\"\" href=\"https:\/\/www.riomare.ch\/fr\/ressources-precieuses\/\"  >\t\t\t\t\t\t<div class=\"img-inner dark\" >\n\t\t\t<img width=\"350\" height=\"200\" src=\"https:\/\/www.riomare.ch\/wp-content\/uploads\/2018\/04\/TO-O-008_L_crostone-andrea.png\" class=\"attachment-large size-large\" alt=\"\" decoding=\"async\" loading=\"lazy\" srcset=\"https:\/\/www.riomare.ch\/wp-content\/uploads\/2018\/04\/TO-O-008_L_crostone-andrea.png 350w, https:\/\/www.riomare.ch\/wp-content\/uploads\/2018\/04\/TO-O-008_L_crostone-andrea-300x171.png 300w\" sizes=\"(max-width: 350px) 100vw, 350px\" \/>\t\t\t\t\t\t\n\t\t\t\t\t<\/div>\n\t\t\t\t\t\t<\/a>\t\t\n<style>\n#image_1759019603 {\n  width: 100%;\n}\n<\/style>\n\t<\/div>\n\t\n\n<p style=\"font-size: 16px; line-height: 20px; padding: 0px 10px !important;\">Gr\u00e2ce \u00e0 sa grande quantit\u00e9 de prot\u00e9ines, une portion de 100 g de thon \u00e9goutt\u00e9 apporte \u00e0 une personne adulte environ un dixi\u00e8me de ses besoins journaliers en calories.<\/p>\n<p class=\"plutobold uppercase\" style=\"margin-top: 30px !important; font-size: 18px; padding: 0px 10px !important;\"><a href=\"\/fr\/ressources-precieuses\/\">Pour en savoir plus<\/a><\/p>\n\n\t\t<\/div>\n\t\t\t\t\n<style>\n#col-1825375276 > .col-inner {\n  padding: 100px 10px 30px 10px;\n}\n<\/style>\n\t<\/div>\n\n\t\n\n\t<div id=\"col-1490367964\" class=\"col linkcrescerecongusto medium-6 small-12 large-3\"  >\n\t\t\t\t<div class=\"col-inner\"  >\n\t\t\t\n\t\t\t\n\n<h3 class=\"plutobold\" style=\"padding: 0px 10px; font-size: 24px; line-height: 26px;\">Grandir en bonne sant\u00e9! <\/h3>\n\t<div class=\"img has-hover x md-x lg-x y md-y lg-y\" id=\"image_1036467717\">\n\t\t<a class=\"\" href=\"https:\/\/www.riomare.ch\/fr\/rio-mare-pour-des-enfants-plus-sains-et-plus-fort\/\"  >\t\t\t\t\t\t<div class=\"img-inner dark\" >\n\t\t\t<img width=\"350\" height=\"200\" src=\"https:\/\/www.riomare.ch\/wp-content\/uploads\/2018\/04\/shutterstock_727282390.png\" class=\"attachment-large size-large\" alt=\"\" decoding=\"async\" loading=\"lazy\" srcset=\"https:\/\/www.riomare.ch\/wp-content\/uploads\/2018\/04\/shutterstock_727282390.png 350w, https:\/\/www.riomare.ch\/wp-content\/uploads\/2018\/04\/shutterstock_727282390-300x171.png 300w\" sizes=\"(max-width: 350px) 100vw, 350px\" \/>\t\t\t\t\t\t\n\t\t\t\t\t<\/div>\n\t\t\t\t\t\t<\/a>\t\t\n<style>\n#image_1036467717 {\n  width: 100%;\n}\n<\/style>\n\t<\/div>\n\t\n\n<p style=\"font-size: 16px; line-height: 20px; padding: 0px 10px !important;\">Rio Mare Salmon est un moyen tr\u00e8s pratique d&rsquo;habituer les enfants \u00e0 manger du poisson et ils adorent cela. Sais-tu pourquoi? Parce que le poisson est savoureux, et qu&rsquo;il n&rsquo;a pas d&rsquo;os ni d&rsquo;odeur!<\/p>\n<p class=\"plutobold uppercase\" style=\"margin-top: 30px !important; font-size: 18px; padding: 0px 10px !important;\"><a href=\"\/fr\/rio-mare-pour-des-enfants-plus-sains-et-plus-fort\/\">Pour en savoir plus<\/a><\/p>\n\n\t\t<\/div>\n\t\t\t\t\n<style>\n#col-1490367964 > .col-inner {\n  padding: 100px 10px 30px 10px;\n}\n<\/style>\n\t<\/div>\n\n\t\n\n\t<div id=\"col-1334991150\" class=\"col linkbenesserepochecalorie medium-6 small-12 large-3\"  >\n\t\t\t\t<div class=\"col-inner\"  >\n\t\t\t\n\t\t\t\n\n<h3 class=\"plutobold\" style=\"padding: 0px 10px; font-size: 24px; line-height: 26px;\">La bont\u00e9 dans quelques calories<\/h3>\n\t<div class=\"img has-hover x md-x lg-x y md-y lg-y\" id=\"image_2002270809\">\n\t\t<a class=\"\" href=\"https:\/\/www.riomare.ch\/fr\/comparaison-des-valeurs-nutritionnelles\/\"  >\t\t\t\t\t\t<div class=\"img-inner dark\" >\n\t\t\t<img width=\"350\" height=\"200\" src=\"https:\/\/www.riomare.ch\/wp-content\/uploads\/2018\/04\/Livello-116.jpg\" class=\"attachment-large size-large\" alt=\"\" decoding=\"async\" loading=\"lazy\" srcset=\"https:\/\/www.riomare.ch\/wp-content\/uploads\/2018\/04\/Livello-116.jpg 350w, https:\/\/www.riomare.ch\/wp-content\/uploads\/2018\/04\/Livello-116-300x171.jpg 300w\" sizes=\"(max-width: 350px) 100vw, 350px\" \/>\t\t\t\t\t\t\n\t\t\t\t\t<\/div>\n\t\t\t\t\t\t<\/a>\t\t\n<style>\n#image_2002270809 {\n  width: 100%;\n}\n<\/style>\n\t<\/div>\n\t\n\n<p style=\"font-size: 16px; line-height: 20px; padding: 0px 10px !important;\">Les produits Rio Mare sont plus l\u00e9gers et plus nourrissants que de nombreux autres aliments souvent servis aux repas, et nous les avons compar\u00e9s afin de te proposer des alternatives gourmandes.<\/p>\n<p class=\"plutobold uppercase\" style=\"margin-top: 30px !important; font-size: 18px; padding: 0px 10px !important;\"><a href=\"\/fr\/comparaison-des-valeurs-nutritionnelles\/\">Pour en savoir plus<\/a><\/p>\n\n\t\t<\/div>\n\t\t\t\t\n<style>\n#col-1334991150 > .col-inner {\n  padding: 100px 10px 30px 10px;\n}\n<\/style>\n\t<\/div>\n\n\t\n\n<\/div>\n\n\t\t<\/div>\n\n\t\t\n<style>\n#section_919498597 {\n  padding-top: 70px;\n  padding-bottom: 70px;\n  background-color: rgb(81, 159, 201);\n}\n<\/style>\n\t<\/section>\n\t\n\n\n\n\t<section class=\"section sliderhomepage sliderproducts\" id=\"section_226814107\">\n\t\t<div class=\"bg section-bg fill bg-fill  bg-loaded\" >\n\n\t\t\t\n\t\t\t\n\t\t\t\n\n\t\t<\/div>\n\n\t\t<div class=\"section-content relative\">\n\t\t\t\n\n<div class=\"slider-wrapper relative\" id=\"slider-1680476511\" >\n    <div class=\"slider slider-nav-simple slider-nav-large slider-nav-light slider-style-normal slider-show-nav\"\n        data-flickity-options='{\n            \"cellAlign\": \"center\",\n            \"imagesLoaded\": true,\n            \"lazyLoad\": 1,\n            \"freeScroll\": false,\n            \"wrapAround\": true,\n            \"autoPlay\": 4000,\n            \"pauseAutoPlayOnHover\" : true,\n            \"prevNextButtons\": true,\n            \"contain\" : true,\n            \"adaptiveHeight\" : true,\n            \"dragThreshold\" : 10,\n            \"percentPosition\": true,\n            \"pageDots\": true,\n            \"rightToLeft\": false,\n            \"draggable\": true,\n            \"selectedAttraction\": 0.1,\n            \"parallax\" : 0,\n            \"friction\": 0.6        }'\n        >\n        \n\n\n  <div class=\"banner has-hover\" id=\"banner-436980116\">\n          <div class=\"banner-inner fill\">\n        <div class=\"banner-bg fill\" >\n            <div class=\"bg fill bg-fill \"><\/div>\n                                    \n                    <\/div>\n        <div class=\"banner-layers container\">\n            <div class=\"fill banner-link\"><\/div>            \n\n   <div id=\"text-box-835441328\" class=\"text-box banner-layer x50 md-x0 lg-x0 y90 md-y90 lg-y90 res-text\">\n                                <div class=\"text-box-content text \">\n              \n              <div class=\"text-inner text-center\">\n                  \n\n<div class=\"bannerbox\" style=\"text-align: left;\">\n<h1 class=\"uppercase plutobold\" style=\"font-size: 30px; line-height: 34px; letter-spacing: -2px;\"><strong>THON<\/strong><\/h1>\n<p class=\"plutoregular bannersubtitle\" style=\"padding-top: 20px!important; padding-bottom: 30px!important;\">Un go\u00fbt unique, une haute qualit\u00e9 et praticit\u00e9 dans le m\u00eame produit. Le thon en bo\u00eete Rio Mare est une source pr\u00e9cieuse de prot\u00e9ines, vitamines et sels min\u00e9raux.\n<\/p>\n<\/div>\n<a href=\"\/fr\/products\/thon\/\" target=\"_self\" class=\"button primary bannerbutton bannerbuttoncolor2\"  >\n    <span>En savoir plus<\/span>\n  <\/a>\n\n\n\n              <\/div>\n           <\/div>\n                            \n<style>\n#text-box-835441328 .text-box-content {\n  background-color: rgb(255, 255, 255);\n  font-size: 100%;\n}\n#text-box-835441328 .text-inner {\n  padding: 50px 50px 0px 50px;\n}\n#text-box-835441328 {\n  width: 90%;\n}\n@media (min-width:550px) {\n  #text-box-835441328 {\n    width: 80%;\n  }\n}\n@media (min-width:850px) {\n  #text-box-835441328 {\n    width: 30%;\n  }\n}\n<\/style>\n    <\/div>\n \n\n        <\/div>\n      <\/div>\n\n            \n<style>\n#banner-436980116 {\n  padding-top: 700px;\n}\n#banner-436980116 .bg.bg-loaded {\n  background-image: url(https:\/\/www.riomare.ch\/wp-content\/uploads\/2018\/04\/header-pagina-tonno.png);\n}\n#banner-436980116 .bg {\n  background-position: center;\n}\n<\/style>\n  <\/div>\n\n\n\n  <div class=\"banner has-hover\" id=\"banner-239749938\">\n          <div class=\"banner-inner fill\">\n        <div class=\"banner-bg fill\" >\n            <div class=\"bg fill bg-fill \"><\/div>\n                                    \n                    <\/div>\n        <div class=\"banner-layers container\">\n            <div class=\"fill banner-link\"><\/div>            \n\n   <div id=\"text-box-181012168\" class=\"text-box banner-layer x50 md-x0 lg-x0 y90 md-y90 lg-y90 res-text\">\n                                <div class=\"text-box-content text \">\n              \n              <div class=\"text-inner text-center\">\n                  \n\n<div class=\"bannerbox\" style=\"text-align: left;\">\n<h1 class=\"uppercase plutobold\" style=\"font-size: 30px; line-height: 34px; letter-spacing: -2px;\"><strong>Maquereau<\/strong><\/h1>\n<p class=\"plutoregular bannersubtitle\" style=\"padding-top: 20px!important; padding-bottom: 30px!important;\">Go\u00fbte le maquereau en bo\u00eete Rio Mare, l&rsquo;union parfaite entre la sant\u00e9 et le go\u00fbt: toutes les propri\u00e9t\u00e9s nutritionnelles du poisson bleu pr\u00eates \u00e0 la d\u00e9gustation.<\/p>\n<\/div>\n<a href=\"\/fr\/products\/maquereau\/\" target=\"_self\" class=\"button primary bannerbutton bannerbuttoncolor2\"  >\n    <span>En savoir plus<\/span>\n  <\/a>\n\n\n\n              <\/div>\n           <\/div>\n                            \n<style>\n#text-box-181012168 .text-box-content {\n  background-color: rgb(255, 255, 255);\n  font-size: 100%;\n}\n#text-box-181012168 .text-inner {\n  padding: 50px 50px 0px 50px;\n}\n#text-box-181012168 {\n  width: 90%;\n}\n@media (min-width:550px) {\n  #text-box-181012168 {\n    width: 80%;\n  }\n}\n@media (min-width:850px) {\n  #text-box-181012168 {\n    width: 30%;\n  }\n}\n<\/style>\n    <\/div>\n \n\n        <\/div>\n      <\/div>\n\n            \n<style>\n#banner-239749938 {\n  padding-top: 700px;\n}\n#banner-239749938 .bg.bg-loaded {\n  background-image: url(https:\/\/www.riomare.ch\/wp-content\/uploads\/2019\/02\/header-pagina-sgombro-1024x427-1024x427.png);\n}\n#banner-239749938 .bg {\n  background-position: center;\n}\n<\/style>\n  <\/div>\n\n\n\n     <\/div>\n\n     <div class=\"loading-spin dark large centered\"><\/div>\n\n          <style>\n            #slider-1680476511 .flickity-slider > * { max-width: 100% !important; }\n     <\/style>\n     \t<\/div>\n\n\n\n\t\t<\/div>\n\n\t\t\n<style>\n#section_226814107 {\n  padding-top: 0px;\n  padding-bottom: 0px;\n}\n<\/style>\n\t<\/section>\n\t\n\n","protected":false},"excerpt":{"rendered":"","protected":false},"author":3,"featured_media":0,"parent":0,"menu_order":0,"comment_status":"closed","ping_status":"closed","template":"page-blank.php","meta":[],"acf":[],"yoast_head":"<!-- This site is optimized with the Yoast SEO plugin v20.1 - https:\/\/yoast.com\/wordpress\/plugins\/seo\/ -->\n<title>Sant\u00e9 et bien-\u00eatre - Rio Mare<\/title>\n<meta name=\"robots\" content=\"index, follow, max-snippet:-1, max-image-preview:large, max-video-preview:-1\" \/>\n<link rel=\"canonical\" href=\"https:\/\/www.riomare.ch\/fr\/sante-et-bien-etre\/\" \/>\n<meta property=\"og:locale\" content=\"fr_FR\" \/>\n<meta property=\"og:type\" content=\"article\" \/>\n<meta property=\"og:title\" content=\"Sant\u00e9 et bien-\u00eatre - Rio Mare\" \/>\n<meta property=\"og:url\" content=\"https:\/\/www.riomare.ch\/fr\/sante-et-bien-etre\/\" \/>\n<meta property=\"og:site_name\" content=\"Rio Mare\" \/>\n<meta property=\"article:modified_time\" content=\"2023-03-06T14:13:48+00:00\" \/>\n<meta name=\"twitter:card\" content=\"summary_large_image\" \/>\n<meta name=\"twitter:label1\" content=\"Dur\u00e9e de lecture estim\u00e9e\" \/>\n\t<meta name=\"twitter:data1\" content=\"7 minutes\" \/>\n<script type=\"application\/ld+json\" class=\"yoast-schema-graph\">{\"@context\":\"https:\/\/schema.org\",\"@graph\":[{\"@type\":\"WebPage\",\"@id\":\"https:\/\/www.riomare.ch\/fr\/sante-et-bien-etre\/\",\"url\":\"https:\/\/www.riomare.ch\/fr\/sante-et-bien-etre\/\",\"name\":\"Sant\u00e9 et bien-\u00eatre - Rio Mare\",\"isPartOf\":{\"@id\":\"https:\/\/www.riomare.ch\/#website\"},\"datePublished\":\"2019-02-22T15:18:41+00:00\",\"dateModified\":\"2023-03-06T14:13:48+00:00\",\"breadcrumb\":{\"@id\":\"https:\/\/www.riomare.ch\/fr\/sante-et-bien-etre\/#breadcrumb\"},\"inLanguage\":\"fr-FR\",\"potentialAction\":[{\"@type\":\"ReadAction\",\"target\":[\"https:\/\/www.riomare.ch\/fr\/sante-et-bien-etre\/\"]}]},{\"@type\":\"BreadcrumbList\",\"@id\":\"https:\/\/www.riomare.ch\/fr\/sante-et-bien-etre\/#breadcrumb\",\"itemListElement\":[{\"@type\":\"ListItem\",\"position\":1,\"name\":\"Home\",\"item\":\"https:\/\/www.riomare.ch\/fr\/\"},{\"@type\":\"ListItem\",\"position\":2,\"name\":\"Sant\u00e9 et bien-\u00eatre\"}]},{\"@type\":\"WebSite\",\"@id\":\"https:\/\/www.riomare.ch\/#website\",\"url\":\"https:\/\/www.riomare.ch\/\",\"name\":\"Rio Mare\",\"description\":\"Rio Mare\",\"potentialAction\":[{\"@type\":\"SearchAction\",\"target\":{\"@type\":\"EntryPoint\",\"urlTemplate\":\"https:\/\/www.riomare.ch\/?s={search_term_string}\"},\"query-input\":\"required name=search_term_string\"}],\"inLanguage\":\"fr-FR\"}]}<\/script>\n<!-- \/ Yoast SEO plugin. -->","yoast_head_json":{"title":"Sant\u00e9 et bien-\u00eatre - Rio Mare","robots":{"index":"index","follow":"follow","max-snippet":"max-snippet:-1","max-image-preview":"max-image-preview:large","max-video-preview":"max-video-preview:-1"},"canonical":"https:\/\/www.riomare.ch\/fr\/sante-et-bien-etre\/","og_locale":"fr_FR","og_type":"article","og_title":"Sant\u00e9 et bien-\u00eatre - Rio Mare","og_url":"https:\/\/www.riomare.ch\/fr\/sante-et-bien-etre\/","og_site_name":"Rio Mare","article_modified_time":"2023-03-06T14:13:48+00:00","twitter_card":"summary_large_image","twitter_misc":{"Dur\u00e9e de lecture estim\u00e9e":"7 minutes"},"schema":{"@context":"https:\/\/schema.org","@graph":[{"@type":"WebPage","@id":"https:\/\/www.riomare.ch\/fr\/sante-et-bien-etre\/","url":"https:\/\/www.riomare.ch\/fr\/sante-et-bien-etre\/","name":"Sant\u00e9 et bien-\u00eatre - Rio Mare","isPartOf":{"@id":"https:\/\/www.riomare.ch\/#website"},"datePublished":"2019-02-22T15:18:41+00:00","dateModified":"2023-03-06T14:13:48+00:00","breadcrumb":{"@id":"https:\/\/www.riomare.ch\/fr\/sante-et-bien-etre\/#breadcrumb"},"inLanguage":"fr-FR","potentialAction":[{"@type":"ReadAction","target":["https:\/\/www.riomare.ch\/fr\/sante-et-bien-etre\/"]}]},{"@type":"BreadcrumbList","@id":"https:\/\/www.riomare.ch\/fr\/sante-et-bien-etre\/#breadcrumb","itemListElement":[{"@type":"ListItem","position":1,"name":"Home","item":"https:\/\/www.riomare.ch\/fr\/"},{"@type":"ListItem","position":2,"name":"Sant\u00e9 et bien-\u00eatre"}]},{"@type":"WebSite","@id":"https:\/\/www.riomare.ch\/#website","url":"https:\/\/www.riomare.ch\/","name":"Rio Mare","description":"Rio Mare","potentialAction":[{"@type":"SearchAction","target":{"@type":"EntryPoint","urlTemplate":"https:\/\/www.riomare.ch\/?s={search_term_string}"},"query-input":"required name=search_term_string"}],"inLanguage":"fr-FR"}]}},"_links":{"self":[{"href":"https:\/\/www.riomare.ch\/fr\/wp-json\/wp\/v2\/pages\/5532"}],"collection":[{"href":"https:\/\/www.riomare.ch\/fr\/wp-json\/wp\/v2\/pages"}],"about":[{"href":"https:\/\/www.riomare.ch\/fr\/wp-json\/wp\/v2\/types\/page"}],"author":[{"embeddable":true,"href":"https:\/\/www.riomare.ch\/fr\/wp-json\/wp\/v2\/users\/3"}],"replies":[{"embeddable":true,"href":"https:\/\/www.riomare.ch\/fr\/wp-json\/wp\/v2\/comments?post=5532"}],"version-history":[{"count":19,"href":"https:\/\/www.riomare.ch\/fr\/wp-json\/wp\/v2\/pages\/5532\/revisions"}],"predecessor-version":[{"id":7348,"href":"https:\/\/www.riomare.ch\/fr\/wp-json\/wp\/v2\/pages\/5532\/revisions\/7348"}],"wp:attachment":[{"href":"https:\/\/www.riomare.ch\/fr\/wp-json\/wp\/v2\/media?parent=5532"}],"curies":[{"name":"wp","href":"https:\/\/api.w.org\/{rel}","templated":true}]}}