{"id":6624,"date":"2020-09-25T22:33:16","date_gmt":"2020-09-25T22:33:16","guid":{"rendered":"https:\/\/www.riomare.ch\/?page_id=6624"},"modified":"2022-08-03T20:02:06","modified_gmt":"2022-08-03T20:02:06","slug":"tracabilite","status":"publish","type":"page","link":"https:\/\/www.riomare.ch\/fr\/tracabilite\/","title":{"rendered":"Tra\u00e7abilit\u00e9"},"content":{"rendered":"\n\t<section class=\"section dark\" id=\"section_926036496\">\n\t\t<div class=\"bg section-bg fill bg-fill  bg-loaded\" >\n\n\t\t\t\n\t\t\t\n\t\t\t\n\n\t\t<\/div>\n\n\t\t<div class=\"section-content relative\">\n\t\t\t\n\n\n  <div class=\"banner has-hover bannerelia hide-for-medium\" id=\"banner-1900119294\">\n          <div class=\"banner-inner fill\">\n        <div class=\"banner-bg fill\" >\n            <div class=\"bg fill bg-fill \"><\/div>\n                                    \n                    <\/div>\n        <div class=\"banner-layers container\">\n            <div class=\"fill banner-link\"><\/div>            \n\n\n        <\/div>\n      <\/div>\n\n              <div class=\"height-fix is-invisible\"><img width=\"1920\" height=\"855\" src=\"https:\/\/www.riomare.ch\/wp-content\/uploads\/2022\/08\/banner_new_traceability_desktop-ver-2.jpg\" class=\"attachment-original size-original\" alt=\"\" decoding=\"async\" loading=\"lazy\" srcset=\"https:\/\/www.riomare.ch\/wp-content\/uploads\/2022\/08\/banner_new_traceability_desktop-ver-2.jpg 1920w, https:\/\/www.riomare.ch\/wp-content\/uploads\/2022\/08\/banner_new_traceability_desktop-ver-2-300x134.jpg 300w, https:\/\/www.riomare.ch\/wp-content\/uploads\/2022\/08\/banner_new_traceability_desktop-ver-2-1024x456.jpg 1024w, https:\/\/www.riomare.ch\/wp-content\/uploads\/2022\/08\/banner_new_traceability_desktop-ver-2-768x342.jpg 768w, https:\/\/www.riomare.ch\/wp-content\/uploads\/2022\/08\/banner_new_traceability_desktop-ver-2-1536x684.jpg 1536w\" sizes=\"(max-width: 1920px) 100vw, 1920px\" \/><\/div>\n            \n<style>\n#banner-1900119294 .bg.bg-loaded {\n  background-image: url(https:\/\/www.riomare.ch\/wp-content\/uploads\/2022\/08\/banner_new_traceability_desktop-ver-2.jpg);\n}\n#banner-1900119294 {\n  background-color: rgb(251, 188, 171);\n}\n#banner-1900119294 .bg {\n  background-position: top center;\n}\n<\/style>\n  <\/div>\n\n\n\n  <div class=\"banner has-hover bannerelia show-for-small\" id=\"banner-1008707253\">\n          <div class=\"banner-inner fill\">\n        <div class=\"banner-bg fill\" >\n            <div class=\"bg fill bg-fill \"><\/div>\n                                    \n                    <\/div>\n        <div class=\"banner-layers container\">\n            <div class=\"fill banner-link\"><\/div>            \n\n\n        <\/div>\n      <\/div>\n\n              <div class=\"height-fix is-invisible\"><img width=\"727\" height=\"884\" src=\"https:\/\/www.riomare.ch\/wp-content\/uploads\/2022\/08\/banner_new_traceability_mobile-ver-2-727x1024-1.jpg\" class=\"attachment-original size-original\" alt=\"\" decoding=\"async\" loading=\"lazy\" srcset=\"https:\/\/www.riomare.ch\/wp-content\/uploads\/2022\/08\/banner_new_traceability_mobile-ver-2-727x1024-1.jpg 727w, https:\/\/www.riomare.ch\/wp-content\/uploads\/2022\/08\/banner_new_traceability_mobile-ver-2-727x1024-1-247x300.jpg 247w\" sizes=\"(max-width: 727px) 100vw, 727px\" \/><\/div>\n            \n<style>\n#banner-1008707253 .bg.bg-loaded {\n  background-image: url(https:\/\/www.riomare.ch\/wp-content\/uploads\/2022\/08\/banner_new_traceability_mobile-ver-2-727x1024-1.jpg);\n}\n#banner-1008707253 {\n  background-color: rgb(251, 188, 171);\n}\n#banner-1008707253 .bg {\n  background-position: top center;\n}\n<\/style>\n  <\/div>\n\n\n\n\t\t<\/div>\n\n\t\t\n<style>\n#section_926036496 {\n  padding-top: 0px;\n  padding-bottom: 0px;\n  background-color: rgb(251, 188, 171);\n}\n<\/style>\n\t<\/section>\n\t\n\t<section class=\"section\" id=\"section_1246793194\">\n\t\t<div class=\"bg section-bg fill bg-fill  bg-loaded\" >\n\n\t\t\t\n\t\t\t\n\t\t\t\n\n\t\t<\/div>\n\n\t\t<div class=\"section-content relative\">\n\t\t\t\n\n<div class=\"row align-middle\"  id=\"row-829347828\">\n\n\n\t<div id=\"col-558171952\" class=\"col small-12 large-12\"  >\n\t\t\t\t<div class=\"col-inner\"  >\n\t\t\t\n\t\t\t\n\n<h1 class=\"plutobold\" style=\"font-size: 6vmin;text-align: center;color: #0a215c;padding: 0;margin:0;\"><strong>Tra\u00e7abilit\u00e9<\/strong><\/h1>\n\n\t\t<\/div>\n\t\t\t\t\t<\/div>\n\n\t\n\n\t<div id=\"col-727792906\" class=\"col small-12 large-12\"  >\n\t\t\t\t<div class=\"col-inner\"  >\n\t\t\t\n\t\t\t\n\n<h2 class=\"plutobold\" style=\"font-size: 4vmin; text-align: center;color: #0a215c;\"><strong>Savoir d&rsquo;o\u00f9 vient ton thon<br \/>\n<\/strong><\/h2>\n\n\t\t<\/div>\n\t\t\t\t\t<\/div>\n\n\t\n\n\t<div id=\"col-1617466816\" class=\"col medium-6 small-12 large-6\"  >\n\t\t\t\t<div class=\"col-inner\"  >\n\t\t\t\n\t\t\t\n\n<p><img decoding=\"async\" src=\"https:\/\/www.riomare.it\/wp-content\/uploads\/2020\/09\/img-tracciabilita.jpg\" \/><\/p>\n\n\t\t<\/div>\n\t\t\t\t\n<style>\n#col-1617466816 > .col-inner {\n  padding: 0 0px 0px 0px;\n  margin: 0 0px 0px 0px;\n}\n<\/style>\n\t<\/div>\n\n\t\n\n\t<div id=\"col-1083810616\" class=\"col medium-6 small-12 large-6\"  >\n\t\t\t\t<div class=\"col-inner\"  >\n\t\t\t\n\t\t\t\n\n<h3 style=\"color:#519fc9\">Nous nous engageons de fa\u00e7on transparente pour assurer la tra\u00e7abilit\u00e9 de nos produits.<\/h3>\n<p style=\"font-size: 14px;margin-bottom: 15px !important;\">Le thon Rio Mare qui arrive sur les tables de millions de consommateurs en Italie et dans le reste du monde a sa propre fiche d\u2019identit\u00e9 visible sur chaque boite, avec les informations le concernant du moment de sa capture jusqu\u2019\u00e0 sa mise en conserve.<\/p>\n<p style=\"font-size: 14px;\">Gr\u00e2ce \u00e0 notre syst\u00e8me de tra\u00e7abilit\u00e9, vous pouvez voir la fiche d\u2019identit\u00e9 de chaque boite, qui reporte l\u2019esp\u00e8ce du thon, la zone de p\u00eache, le mode de p\u00eache utilis\u00e9 et le nom du bateau qui l\u2019a p\u00each\u00e9. Cela signifie que le produit qui s\u2019invite \u00e0 votre table a toujours un nom, un pr\u00e9nom et une adresse!<\/p>\n<p style=\"font-size: 14px;margin-bottom: 15px !important;\">Quelques \u00e9tapes simples suffisent pour utiliser le service en ligne qui vous permettra d\u2019acc\u00e9der en temps r\u00e9el aux informations sur l\u2019origine du poisson utilis\u00e9 dans chaque boite de thon Rio Mare produite <strong>depuis le 1er janvier 2018.<\/strong>\n<\/p>\n<p style=\"font-size: 14px;margin-bottom: 15px !important;\">Rappelez-vous que pour retracer les informations relatives \u00e0 votre produit, il est n\u00e9cessaire de saisir le code de la boite.<\/p>\n\n\t\t<\/div>\n\t\t\t\t\t<\/div>\n\n\t\n\n\t<div id=\"col-1769137970\" class=\"col small-12 large-12\"  >\n\t\t\t\t<div class=\"col-inner\"  >\n\t\t\t\n\t\t\t\n\n<div style=\"background: #3487d2; max-width: 500px; text-align: center; margin: 0 auto; color: #fff; text-transform: uppercase; padding: 10px 30px; font-weight: bold;\"><a href=\"https:\/\/traceability.riomare.com\/?key=riomare-switzerland\" Target=\u201d_Blank\u201d><font size=\"\" color=\"#fff\">Savoir d&rsquo;o\u00f9 vient ton thon<br \/>\n<\/font><\/a><\/div>\n\n\t\t<\/div>\n\t\t\t\t\t<\/div>\n\n\t\n\n<\/div>\n\n\t\t<\/div>\n\n\t\t\n<style>\n#section_1246793194 {\n  padding-top: 70px;\n  padding-bottom: 70px;\n  background-color: rgb(251, 188, 171);\n}\n<\/style>\n\t<\/section>\n\t\n\t<section class=\"section\" id=\"section_346334393\">\n\t\t<div class=\"bg section-bg fill bg-fill  bg-loaded\" >\n\n\t\t\t\n\t\t\t\n\t\t\t\n\t<div class=\"is-border\"\n\t\tstyle=\"border-width:0 0px 0px 0px;margin:0 0px 0px 0px;\">\n\t<\/div>\n\n\t\t<\/div>\n\n\t\t<div class=\"section-content relative\">\n\t\t\t\n\n<div class=\"row align-middle\"  id=\"row-1882528102\">\n\n\n\t<div id=\"col-667807707\" class=\"col medium-6 small-12 large-6\"  >\n\t\t\t\t<div class=\"col-inner\"  >\n\t\t\t\n\t\t\t\n\n<h3 class=\"plutobold\" style=\"font-size: 35px;\nline-height: 1;\"><br \/>\nD\u00e9couvrez l\u2019origine des saumons, <br \/>maquereaux et sardines Rio Mare<br \/>\n<\/h3>\n<p style=\"font-size: 14px;margin-bottom: 15px !important;\">Cliquez <a href=\"https:\/\/www.riomare.ch\/fr\/contatti\" style=\"color:#3487d3;text-decoration:underline\"> ici<\/a> pour envoyer votre demande.<\/p>\n\n\t\t<\/div>\n\t\t\t\t\t<\/div>\n\n\t\n\n\t<div id=\"col-932325306\" class=\"col medium-6 small-12 large-6\"  >\n\t\t\t\t<div class=\"col-inner\"  >\n\t\t\t\n\t\t\t\n\n<p style=\"font-size: 14px;margin-bottom: 15px !important;\">Si vous d\u00e9sirez d\u00e9couvrir l\u2019origine de nos produits \u00e0 base de saumon, maquereau et sardine Rio Mare, envoyez-nous un e-mail et vous recevrez les informations demand\u00e9es dans les 24\/48 heures.<\/p>\n\n\t\t<\/div>\n\t\t\t\t\t<\/div>\n\n\t\n\n<\/div>\n\n\t\t<\/div>\n\n\t\t\n<style>\n#section_346334393 {\n  padding-top: 70px;\n  padding-bottom: 70px;\n  margin-bottom: 0px;\n  background-color: rgb(255, 255, 255);\n}\n<\/style>\n\t<\/section>\n\t\n\t<section class=\"section\" id=\"section_638724897\">\n\t\t<div class=\"bg section-bg fill bg-fill  bg-loaded\" >\n\n\t\t\t\n\t\t\t\n\t\t\t\n\t<div class=\"is-border\"\n\t\tstyle=\"border-width:0 0px 0px 0px;margin:0 0px 0px 0px;\">\n\t<\/div>\n\n\t\t<\/div>\n\n\t\t<div class=\"section-content relative\">\n\t\t\t\n\n\n  <div class=\"banner has-hover\" id=\"banner-469410780\">\n          <div class=\"banner-inner fill\">\n        <div class=\"banner-bg fill\" >\n            <div class=\"bg fill bg-fill \"><\/div>\n                                    \n                    <\/div>\n        <div class=\"banner-layers container\">\n            <div class=\"fill banner-link\"><\/div>            \n\n   <div id=\"text-box-1218544384\" class=\"text-box banner-layer x50 md-x50 lg-x50 y50 md-y50 lg-y50 res-text\">\n                                <div class=\"text-box-content text dark\">\n              \n              <div class=\"text-inner text-center\">\n                  \n\n<h3 class=\"uppercase\"><strong><img decoding=\"async\" src=\"https:\/\/www.riomare.ch\/wp-content\/uploads\/2020\/09\/LOGO-QR-ENG-tracc.png\" \/><\/strong><\/h3>\n<p><span style=\"color: #fff;\nfont-size: 40px;font-weight: bold;\">Visit<\/span> <a href=\"https:\/\/qualitaresponsabile.riomare.it\/fr\" style=\"color:#fff;font-size: 36px;font-style:italic;text-decoration:underline\">Responsiblequality<\/a><\/p>\n\n\n              <\/div>\n           <\/div>\n                            \n<style>\n#text-box-1218544384 {\n  width: 100%;\n}\n#text-box-1218544384 .text-box-content {\n  font-size: 100%;\n}\n<\/style>\n    <\/div>\n \n\n        <\/div>\n      <\/div>\n\n            \n<style>\n#banner-469410780 {\n  padding-top: 500px;\n}\n#banner-469410780 .bg.bg-loaded {\n  background-image: url(https:\/\/www.riomare.ch\/wp-content\/uploads\/2020\/09\/sfondo-mare-tracciabilita-1024x216.png);\n}\n<\/style>\n  <\/div>\n\n\n\n\t\t<\/div>\n\n\t\t\n<style>\n#section_638724897 {\n  padding-top: 0px;\n  padding-bottom: 0px;\n  background-color: rgb(251, 188, 171);\n}\n<\/style>\n\t<\/section>\n\t\n\n","protected":false},"excerpt":{"rendered":"","protected":false},"author":3,"featured_media":0,"parent":0,"menu_order":0,"comment_status":"closed","ping_status":"closed","template":"page-blank.php","meta":[],"acf":[],"yoast_head":"<!-- This site is optimized with the Yoast SEO plugin v20.1 - https:\/\/yoast.com\/wordpress\/plugins\/seo\/ -->\n<title>Tra\u00e7abilit\u00e9 - Rio Mare<\/title>\n<meta name=\"description\" content=\"La tra\u00e7abilit\u00e9 de nos produits\" \/>\n<meta name=\"robots\" content=\"index, follow, max-snippet:-1, max-image-preview:large, max-video-preview:-1\" \/>\n<link rel=\"canonical\" href=\"https:\/\/www.riomare.ch\/fr\/tracabilite\/\" \/>\n<meta property=\"og:locale\" content=\"fr_FR\" \/>\n<meta property=\"og:type\" content=\"article\" \/>\n<meta property=\"og:title\" content=\"Tra\u00e7abilit\u00e9 - Rio Mare\" \/>\n<meta property=\"og:description\" content=\"La tra\u00e7abilit\u00e9 de nos produits\" \/>\n<meta property=\"og:url\" content=\"https:\/\/www.riomare.ch\/fr\/tracabilite\/\" \/>\n<meta property=\"og:site_name\" content=\"Rio Mare\" \/>\n<meta property=\"article:modified_time\" content=\"2022-08-03T20:02:06+00:00\" \/>\n<meta property=\"og:image\" content=\"https:\/\/www.riomare.it\/wp-content\/uploads\/2020\/09\/img-tracciabilita.jpg\" \/>\n<meta name=\"twitter:card\" content=\"summary_large_image\" \/>\n<meta name=\"twitter:label1\" content=\"Dur\u00e9e de lecture estim\u00e9e\" \/>\n\t<meta name=\"twitter:data1\" content=\"2 minutes\" \/>\n<script type=\"application\/ld+json\" class=\"yoast-schema-graph\">{\"@context\":\"https:\/\/schema.org\",\"@graph\":[{\"@type\":\"WebPage\",\"@id\":\"https:\/\/www.riomare.ch\/fr\/tracabilite\/\",\"url\":\"https:\/\/www.riomare.ch\/fr\/tracabilite\/\",\"name\":\"Tra\u00e7abilit\u00e9 - Rio Mare\",\"isPartOf\":{\"@id\":\"https:\/\/www.riomare.ch\/#website\"},\"datePublished\":\"2020-09-25T22:33:16+00:00\",\"dateModified\":\"2022-08-03T20:02:06+00:00\",\"description\":\"La tra\u00e7abilit\u00e9 de nos produits\",\"breadcrumb\":{\"@id\":\"https:\/\/www.riomare.ch\/fr\/tracabilite\/#breadcrumb\"},\"inLanguage\":\"fr-FR\",\"potentialAction\":[{\"@type\":\"ReadAction\",\"target\":[\"https:\/\/www.riomare.ch\/fr\/tracabilite\/\"]}]},{\"@type\":\"BreadcrumbList\",\"@id\":\"https:\/\/www.riomare.ch\/fr\/tracabilite\/#breadcrumb\",\"itemListElement\":[{\"@type\":\"ListItem\",\"position\":1,\"name\":\"Home\",\"item\":\"https:\/\/www.riomare.ch\/fr\/\"},{\"@type\":\"ListItem\",\"position\":2,\"name\":\"Tra\u00e7abilit\u00e9\"}]},{\"@type\":\"WebSite\",\"@id\":\"https:\/\/www.riomare.ch\/#website\",\"url\":\"https:\/\/www.riomare.ch\/\",\"name\":\"Rio Mare\",\"description\":\"Rio Mare\",\"potentialAction\":[{\"@type\":\"SearchAction\",\"target\":{\"@type\":\"EntryPoint\",\"urlTemplate\":\"https:\/\/www.riomare.ch\/?s={search_term_string}\"},\"query-input\":\"required name=search_term_string\"}],\"inLanguage\":\"fr-FR\"}]}<\/script>\n<!-- \/ Yoast SEO plugin. -->","yoast_head_json":{"title":"Tra\u00e7abilit\u00e9 - Rio Mare","description":"La tra\u00e7abilit\u00e9 de nos produits","robots":{"index":"index","follow":"follow","max-snippet":"max-snippet:-1","max-image-preview":"max-image-preview:large","max-video-preview":"max-video-preview:-1"},"canonical":"https:\/\/www.riomare.ch\/fr\/tracabilite\/","og_locale":"fr_FR","og_type":"article","og_title":"Tra\u00e7abilit\u00e9 - Rio Mare","og_description":"La tra\u00e7abilit\u00e9 de nos produits","og_url":"https:\/\/www.riomare.ch\/fr\/tracabilite\/","og_site_name":"Rio Mare","article_modified_time":"2022-08-03T20:02:06+00:00","og_image":[{"url":"https:\/\/www.riomare.it\/wp-content\/uploads\/2020\/09\/img-tracciabilita.jpg"}],"twitter_card":"summary_large_image","twitter_misc":{"Dur\u00e9e de lecture estim\u00e9e":"2 minutes"},"schema":{"@context":"https:\/\/schema.org","@graph":[{"@type":"WebPage","@id":"https:\/\/www.riomare.ch\/fr\/tracabilite\/","url":"https:\/\/www.riomare.ch\/fr\/tracabilite\/","name":"Tra\u00e7abilit\u00e9 - Rio Mare","isPartOf":{"@id":"https:\/\/www.riomare.ch\/#website"},"datePublished":"2020-09-25T22:33:16+00:00","dateModified":"2022-08-03T20:02:06+00:00","description":"La tra\u00e7abilit\u00e9 de nos produits","breadcrumb":{"@id":"https:\/\/www.riomare.ch\/fr\/tracabilite\/#breadcrumb"},"inLanguage":"fr-FR","potentialAction":[{"@type":"ReadAction","target":["https:\/\/www.riomare.ch\/fr\/tracabilite\/"]}]},{"@type":"BreadcrumbList","@id":"https:\/\/www.riomare.ch\/fr\/tracabilite\/#breadcrumb","itemListElement":[{"@type":"ListItem","position":1,"name":"Home","item":"https:\/\/www.riomare.ch\/fr\/"},{"@type":"ListItem","position":2,"name":"Tra\u00e7abilit\u00e9"}]},{"@type":"WebSite","@id":"https:\/\/www.riomare.ch\/#website","url":"https:\/\/www.riomare.ch\/","name":"Rio Mare","description":"Rio Mare","potentialAction":[{"@type":"SearchAction","target":{"@type":"EntryPoint","urlTemplate":"https:\/\/www.riomare.ch\/?s={search_term_string}"},"query-input":"required name=search_term_string"}],"inLanguage":"fr-FR"}]}},"_links":{"self":[{"href":"https:\/\/www.riomare.ch\/fr\/wp-json\/wp\/v2\/pages\/6624"}],"collection":[{"href":"https:\/\/www.riomare.ch\/fr\/wp-json\/wp\/v2\/pages"}],"about":[{"href":"https:\/\/www.riomare.ch\/fr\/wp-json\/wp\/v2\/types\/page"}],"author":[{"embeddable":true,"href":"https:\/\/www.riomare.ch\/fr\/wp-json\/wp\/v2\/users\/3"}],"replies":[{"embeddable":true,"href":"https:\/\/www.riomare.ch\/fr\/wp-json\/wp\/v2\/comments?post=6624"}],"version-history":[{"count":18,"href":"https:\/\/www.riomare.ch\/fr\/wp-json\/wp\/v2\/pages\/6624\/revisions"}],"predecessor-version":[{"id":7279,"href":"https:\/\/www.riomare.ch\/fr\/wp-json\/wp\/v2\/pages\/6624\/revisions\/7279"}],"wp:attachment":[{"href":"https:\/\/www.riomare.ch\/fr\/wp-json\/wp\/v2\/media?parent=6624"}],"curies":[{"name":"wp","href":"https:\/\/api.w.org\/{rel}","templated":true}]}}