{"id":1013,"date":"2018-03-21T10:04:06","date_gmt":"2018-03-21T10:04:06","guid":{"rendered":"http:\/\/www.riomare.it\/?page_id=1013"},"modified":"2023-03-06T14:28:37","modified_gmt":"2023-03-06T14:28:37","slug":"salute-e-benessere","status":"publish","type":"page","link":"https:\/\/www.riomare.ch\/it\/salute-e-benessere\/","title":{"rendered":"Salute e Benessere"},"content":{"rendered":"\n\n  <div class=\"banner has-hover\" id=\"banner-670485488\">\n          <div class=\"banner-inner fill\">\n        <div class=\"banner-bg fill\" >\n            <div class=\"bg fill bg-fill \"><\/div>\n                                    \n                    <\/div>\n        <div class=\"banner-layers container\">\n            <div class=\"fill banner-link\"><\/div>            \n\n   <div id=\"text-box-1290755879\" class=\"text-box banner-layer x50 md-x0 lg-x0 y90 md-y95 lg-y95 res-text\">\n                                <div class=\"text-box-content text \">\n              \n              <div class=\"text-inner text-left\">\n                  \n\n<h1 class=\"plutobold blue\" style=\"font-size: 30px; line-height: 34px;\">Mangiare pesce e vivere meglio<\/h1>\n<p style=\"margin-bottom: 10px !important; font-size: 18px; line-height: 22px;\">Il pesce Rio Mare apporta la maggior parte dei nutrienti del pesce fresco e fornisce proteine nobili, sali minerali, vitamine e acidi grassi Omega-3.<\/p>\n<p class=\"blue\" style=\"font-size: 18px; line-height: 22px; color: #008fcc;\">Scopri tutte le curiosit\u00e0 e le propriet\u00e0 nutrizionali del pesce Rio Mare.<\/p>\n\n              <\/div>\n           <\/div>\n                            \n<style>\n#text-box-1290755879 .text-box-content {\n  background-color: rgb(255, 255, 255);\n  font-size: 86%;\n}\n#text-box-1290755879 .text-inner {\n  padding: 40px 30px 40px 30px;\n}\n#text-box-1290755879 {\n  width: 90%;\n}\n@media (min-width:550px) {\n  #text-box-1290755879 {\n    width: 67%;\n  }\n}\n@media (min-width:850px) {\n  #text-box-1290755879 {\n    width: 35%;\n  }\n}\n<\/style>\n    <\/div>\n \n\n        <\/div>\n      <\/div>\n\n            \n<style>\n#banner-670485488 {\n  padding-top: 700px;\n}\n#banner-670485488 .bg.bg-loaded {\n  background-image: url(https:\/\/www.riomare.ch\/wp-content\/uploads\/2018\/04\/header-pagina-nutrizione-1-1024x427.jpg);\n}\n<\/style>\n  <\/div>\n\n\n\t<section class=\"section hoverposts dark\" id=\"section_250806287\">\n\t\t<div class=\"bg section-bg fill bg-fill  bg-loaded\" >\n\n\t\t\t\n\t\t\t\n\t\t\t\n\n\t\t<\/div>\n\n\t\t<div class=\"section-content relative\">\n\t\t\t\n\n<div class=\"row align-equal rowlarge\"  id=\"row-1903427666\">\n\n\n\t<div id=\"col-1454537681\" class=\"col linkpescenelladieta medium-6 small-12 large-3\"  >\n\t\t\t\t<div class=\"col-inner\"  >\n\t\t\t\n\t\t\t\n\n<h3 class=\"plutobold\" style=\"padding: 0px 10px; font-size: 24px; line-height: 26px;\">Il pesce nella dieta mediterranea<\/h3>\n\t<div class=\"img has-hover x md-x lg-x y md-y lg-y\" id=\"image_860957962\">\n\t\t<a class=\"\" href=\"https:\/\/www.riomare.ch\/it\/il-pesce-nella-dieta-mediterranea\/\"  >\t\t\t\t\t\t<div class=\"img-inner dark\" >\n\t\t\t<img width=\"350\" height=\"200\" src=\"https:\/\/www.riomare.ch\/wp-content\/uploads\/2018\/04\/shutterstock_415721434.png\" class=\"attachment-large size-large\" alt=\"\" decoding=\"async\" loading=\"lazy\" srcset=\"https:\/\/www.riomare.ch\/wp-content\/uploads\/2018\/04\/shutterstock_415721434.png 350w, https:\/\/www.riomare.ch\/wp-content\/uploads\/2018\/04\/shutterstock_415721434-300x171.png 300w\" sizes=\"(max-width: 350px) 100vw, 350px\" \/>\t\t\t\t\t\t\n\t\t\t\t\t<\/div>\n\t\t\t\t\t\t<\/a>\t\t\n<style>\n#image_860957962 {\n  width: 100%;\n}\n<\/style>\n\t<\/div>\n\t\n\n<p style=\"font-size: 16px; line-height: 20px; padding: 0px 10px !important;\">Scopri tutte le curiosit\u00e0 e le propriet\u00e0 nutrizionali del pesce Rio Mare.<\/p>\n<p class=\"plutobold uppercase\" style=\"margin-top: 30px !important; font-size: 18px; padding: 0px 10px !important;\"><a href=\"\/it\/il-pesce-nella-dieta-mediterranea\/ \">Approfondisci<\/a><\/p>\n\n\n\t\t<\/div>\n\t\t\t\t\n<style>\n#col-1454537681 > .col-inner {\n  padding: 100px 10px 30px 10px;\n}\n<\/style>\n\t<\/div>\n\n\t\n\n\t<div id=\"col-829634201\" class=\"col linkprezioserisorse medium-6 small-12 large-3\"  >\n\t\t\t\t<div class=\"col-inner\"  >\n\t\t\t\n\t\t\t\n\n<h3 class=\"plutobold\" style=\"padding: 0px 10px; font-size: 24px; line-height: 26px;\">Preziose risorse per il benessere<\/h3>\n\t<div class=\"img has-hover x md-x lg-x y md-y lg-y\" id=\"image_926370762\">\n\t\t<a class=\"\" href=\"https:\/\/www.riomare.ch\/it\/preziose-risorse\/\"  >\t\t\t\t\t\t<div class=\"img-inner dark\" >\n\t\t\t<img width=\"350\" height=\"200\" src=\"https:\/\/www.riomare.ch\/wp-content\/uploads\/2018\/04\/TO-O-008_L_crostone-andrea.png\" class=\"attachment-large size-large\" alt=\"\" decoding=\"async\" loading=\"lazy\" srcset=\"https:\/\/www.riomare.ch\/wp-content\/uploads\/2018\/04\/TO-O-008_L_crostone-andrea.png 350w, https:\/\/www.riomare.ch\/wp-content\/uploads\/2018\/04\/TO-O-008_L_crostone-andrea-300x171.png 300w\" sizes=\"(max-width: 350px) 100vw, 350px\" \/>\t\t\t\t\t\t\n\t\t\t\t\t<\/div>\n\t\t\t\t\t\t<\/a>\t\t\n<style>\n#image_926370762 {\n  width: 100%;\n}\n<\/style>\n\t<\/div>\n\t\n\n<p style=\"font-size: 16px; line-height: 20px; padding: 0px 10px !important;\">Grazie al sostanzioso apporto di proteine, una porzione di tonno sgocciolato da 100 gr. fornisce a un adulto circa un decimo del fabbisogno calorico giornaliero.<\/p>\n<p class=\"plutobold uppercase\" style=\"margin-top: 30px !important; font-size: 18px; padding: 0px 10px !important;\"><a href=\"\/it\/preziose-risorse\/\">Approfondisci<\/a><\/p>\n\n\t\t<\/div>\n\t\t\t\t\n<style>\n#col-829634201 > .col-inner {\n  padding: 100px 10px 30px 10px;\n}\n<\/style>\n\t<\/div>\n\n\t\n\n\t<div id=\"col-823656172\" class=\"col linkcrescerecongusto medium-6 small-12 large-3\"  >\n\t\t\t\t<div class=\"col-inner\"  >\n\t\t\t\n\t\t\t\n\n<h3 class=\"plutobold\" style=\"padding: 0px 10px; font-size: 24px; line-height: 26px;\">Crescere con gusto!<\/h3>\n\t<div class=\"img has-hover x md-x lg-x y md-y lg-y\" id=\"image_1701750822\">\n\t\t<a class=\"\" href=\"https:\/\/www.riomare.ch\/it\/il-pesce-rio-mare-per-i-bambini\/\"  >\t\t\t\t\t\t<div class=\"img-inner dark\" >\n\t\t\t<img width=\"350\" height=\"200\" src=\"https:\/\/www.riomare.ch\/wp-content\/uploads\/2018\/04\/shutterstock_727282390.png\" class=\"attachment-large size-large\" alt=\"\" decoding=\"async\" loading=\"lazy\" srcset=\"https:\/\/www.riomare.ch\/wp-content\/uploads\/2018\/04\/shutterstock_727282390.png 350w, https:\/\/www.riomare.ch\/wp-content\/uploads\/2018\/04\/shutterstock_727282390-300x171.png 300w\" sizes=\"(max-width: 350px) 100vw, 350px\" \/>\t\t\t\t\t\t\n\t\t\t\t\t<\/div>\n\t\t\t\t\t\t<\/a>\t\t\n<style>\n#image_1701750822 {\n  width: 100%;\n}\n<\/style>\n\t<\/div>\n\t\n\n<p style=\"font-size: 16px; line-height: 20px; padding: 0px 10px !important;\">Il Salmone Rio Mare \u00e8 un modo pratico e sano per far avvicinare i bambini al pesce, anche perch\u00e9 loro ne vanno pazzi! E sapete perch\u00e9? \u00c8 gustoso, non ha lische n\u00e8 odore!<\/p>\n<p class=\"plutobold uppercase\" style=\"margin-top: 30px !important; font-size: 18px; padding: 0px 10px !important;\"><a href=\"\/it\/il-pesce-rio-mare-per-i-bambini\/\">approfondisci<\/a><\/p>\n\n\t\t<\/div>\n\t\t\t\t\n<style>\n#col-823656172 > .col-inner {\n  padding: 100px 10px 30px 10px;\n}\n<\/style>\n\t<\/div>\n\n\t\n\n\t<div id=\"col-1457973761\" class=\"col linkbenesserepochecalorie medium-6 small-12 large-3\"  >\n\t\t\t\t<div class=\"col-inner\"  >\n\t\t\t\n\t\t\t\n\n<h3 class=\"plutobold\" style=\"padding: 0px 10px; font-size: 24px; line-height: 26px;\">Il benessere in poche calorie<\/h3>\n\t<div class=\"img has-hover x md-x lg-x y md-y lg-y\" id=\"image_1493731273\">\n\t\t<a class=\"\" href=\"https:\/\/www.riomare.ch\/it\/il-benessere-in-poche-calorie\/\"  >\t\t\t\t\t\t<div class=\"img-inner dark\" >\n\t\t\t<img width=\"350\" height=\"200\" src=\"https:\/\/www.riomare.ch\/wp-content\/uploads\/2018\/04\/Livello-116.jpg\" class=\"attachment-large size-large\" alt=\"\" decoding=\"async\" loading=\"lazy\" srcset=\"https:\/\/www.riomare.ch\/wp-content\/uploads\/2018\/04\/Livello-116.jpg 350w, https:\/\/www.riomare.ch\/wp-content\/uploads\/2018\/04\/Livello-116-300x171.jpg 300w\" sizes=\"(max-width: 350px) 100vw, 350px\" \/>\t\t\t\t\t\t\n\t\t\t\t\t<\/div>\n\t\t\t\t\t\t<\/a>\t\t\n<style>\n#image_1493731273 {\n  width: 100%;\n}\n<\/style>\n\t<\/div>\n\t\n\n<p style=\"font-size: 16px; line-height: 20px; padding: 0px 10px !important;\">I prodotti Rio Mare sono pi\u00f9 leggeri e nutrienti di molti cibi che si trovano spesso sulla nostra tavola: li abbiamo confrontati per proporvi gustose alternative.<\/p>\n<p class=\"plutobold uppercase\" style=\"margin-top: 30px !important; font-size: 18px; padding: 0px 10px !important;\"><a href=\"\/it\/il-benessere-in-poche-calorie\/\">approfondisci<\/a><\/p>\n\n\t\t<\/div>\n\t\t\t\t\n<style>\n#col-1457973761 > .col-inner {\n  padding: 100px 10px 30px 10px;\n}\n<\/style>\n\t<\/div>\n\n\t\n\n<\/div>\n\n\t\t<\/div>\n\n\t\t\n<style>\n#section_250806287 {\n  padding-top: 70px;\n  padding-bottom: 70px;\n  background-color: rgb(81, 159, 201);\n}\n<\/style>\n\t<\/section>\n\t\n\n\n\n\t<section class=\"section sliderhomepage sliderproducts\" id=\"section_2120780129\">\n\t\t<div class=\"bg section-bg fill bg-fill  bg-loaded\" >\n\n\t\t\t\n\t\t\t\n\t\t\t\n\n\t\t<\/div>\n\n\t\t<div class=\"section-content relative\">\n\t\t\t\n\n<div class=\"slider-wrapper relative\" id=\"slider-33810233\" >\n    <div class=\"slider slider-nav-simple slider-nav-large slider-nav-light slider-style-normal slider-show-nav\"\n        data-flickity-options='{\n            \"cellAlign\": \"center\",\n            \"imagesLoaded\": true,\n            \"lazyLoad\": 1,\n            \"freeScroll\": false,\n            \"wrapAround\": true,\n            \"autoPlay\": 4000,\n            \"pauseAutoPlayOnHover\" : true,\n            \"prevNextButtons\": true,\n            \"contain\" : true,\n            \"adaptiveHeight\" : true,\n            \"dragThreshold\" : 10,\n            \"percentPosition\": true,\n            \"pageDots\": true,\n            \"rightToLeft\": false,\n            \"draggable\": true,\n            \"selectedAttraction\": 0.1,\n            \"parallax\" : 0,\n            \"friction\": 0.6        }'\n        >\n        \n\n\n  <div class=\"banner has-hover\" id=\"banner-1860296951\">\n          <div class=\"banner-inner fill\">\n        <div class=\"banner-bg fill\" >\n            <div class=\"bg fill bg-fill \"><\/div>\n                                    \n                    <\/div>\n        <div class=\"banner-layers container\">\n            <div class=\"fill banner-link\"><\/div>            \n\n   <div id=\"text-box-370764727\" class=\"text-box banner-layer x50 md-x0 lg-x0 y90 md-y90 lg-y90 res-text\">\n                                <div class=\"text-box-content text \">\n              \n              <div class=\"text-inner text-center\">\n                  \n\n<div class=\"bannerbox\" style=\"text-align: left;\">\n<h1 class=\"uppercase plutobold\" style=\"font-size: 30px; line-height: 34px; letter-spacing: -2px;\"><strong>tonno<\/strong><\/h1>\n<p class=\"plutoregular bannersubtitle\" style=\"padding-top: 20px!important; padding-bottom: 30px!important;\">Gusto unico, elevata qualit\u00e0 e praticit\u00e0 in un unico prodotto. Il tonno in scatola Rio Mare \u00e8 una preziosa fonte di proteine, vitamine e minerali.<\/p>\n<\/div>\n<a href=\"https:\/\/www.riomare.ch\/it\/products\/tonno\/\" target=\"_self\" class=\"button primary bannerbutton bannerbuttoncolor2\"  >\n    <span>SCOPRI DI PI\u00d9<\/span>\n  <\/a>\n\n\n\n              <\/div>\n           <\/div>\n                            \n<style>\n#text-box-370764727 .text-box-content {\n  background-color: rgb(255, 255, 255);\n  font-size: 100%;\n}\n#text-box-370764727 .text-inner {\n  padding: 50px 50px 0px 50px;\n}\n#text-box-370764727 {\n  width: 90%;\n}\n@media (min-width:550px) {\n  #text-box-370764727 {\n    width: 80%;\n  }\n}\n@media (min-width:850px) {\n  #text-box-370764727 {\n    width: 30%;\n  }\n}\n<\/style>\n    <\/div>\n \n\n        <\/div>\n      <\/div>\n\n            \n<style>\n#banner-1860296951 {\n  padding-top: 700px;\n}\n#banner-1860296951 .bg.bg-loaded {\n  background-image: url(https:\/\/www.riomare.ch\/wp-content\/uploads\/2018\/04\/header-pagina-tonno.png);\n}\n#banner-1860296951 .bg {\n  background-position: center;\n}\n<\/style>\n  <\/div>\n\n\n\n  <div class=\"banner has-hover\" id=\"banner-965884782\">\n          <div class=\"banner-inner fill\">\n        <div class=\"banner-bg fill\" >\n            <div class=\"bg fill bg-fill \"><\/div>\n                                    \n                    <\/div>\n        <div class=\"banner-layers container\">\n            <div class=\"fill banner-link\"><\/div>            \n\n   <div id=\"text-box-1983668582\" class=\"text-box banner-layer x50 md-x0 lg-x0 y90 md-y90 lg-y90 res-text\">\n                                <div class=\"text-box-content text \">\n              \n              <div class=\"text-inner text-center\">\n                  \n\n<div class=\"bannerbox\" style=\"text-align: left;\">\n<h1 class=\"uppercase plutobold\" style=\"font-size: 30px; line-height: 34px; letter-spacing: -2px;\"><strong>sgombro<\/strong><\/h1>\n<p class=\"plutoregular bannersubtitle\" style=\"padding-top: 20px!important; padding-bottom: 30px!important;\">Prova lo sgombro in scatola Rio Mare, connubio perfetto tra salute e gusto: tutte le propriet\u00e0 nutrizionali del pesce azzurro pronte da gustare.<\/p>\n<\/div>\n<a href=\"https:\/\/www.riomare.ch\/it\/products\/sgombro\/\" target=\"_self\" class=\"button primary bannerbutton bannerbuttoncolor2\"  >\n    <span>SCOPRI DI PI\u00d9<\/span>\n  <\/a>\n\n\n\n              <\/div>\n           <\/div>\n                            \n<style>\n#text-box-1983668582 .text-box-content {\n  background-color: rgb(255, 255, 255);\n  font-size: 100%;\n}\n#text-box-1983668582 .text-inner {\n  padding: 50px 50px 0px 50px;\n}\n#text-box-1983668582 {\n  width: 90%;\n}\n@media (min-width:550px) {\n  #text-box-1983668582 {\n    width: 80%;\n  }\n}\n@media (min-width:850px) {\n  #text-box-1983668582 {\n    width: 30%;\n  }\n}\n<\/style>\n    <\/div>\n \n\n        <\/div>\n      <\/div>\n\n            \n<style>\n#banner-965884782 {\n  padding-top: 700px;\n}\n#banner-965884782 .bg.bg-loaded {\n  background-image: url(https:\/\/www.riomare.ch\/wp-content\/uploads\/2019\/02\/header-pagina-sgombro-1024x427-1024x427.png);\n}\n#banner-965884782 .bg {\n  background-position: center;\n}\n<\/style>\n  <\/div>\n\n\n\n     <\/div>\n\n     <div class=\"loading-spin dark large centered\"><\/div>\n\n          <style>\n            #slider-33810233 .flickity-slider > * { max-width: 100% !important; }\n     <\/style>\n     \t<\/div>\n\n\n\n\t\t<\/div>\n\n\t\t\n<style>\n#section_2120780129 {\n  padding-top: 0px;\n  padding-bottom: 0px;\n}\n<\/style>\n\t<\/section>\n\t\n\n","protected":false},"excerpt":{"rendered":"","protected":false},"author":3,"featured_media":0,"parent":0,"menu_order":0,"comment_status":"closed","ping_status":"closed","template":"page-blank.php","meta":[],"acf":[],"yoast_head":"<!-- This site is optimized with the Yoast SEO plugin v20.1 - https:\/\/yoast.com\/wordpress\/plugins\/seo\/ -->\n<title>Salute e Benessere - Rio Mare<\/title>\n<meta name=\"description\" content=\"Il pesce Rio Mare apporta la maggior parte dei nutrienti del pesce fresco e fornisce proteine nobili, sali minerali, vitamine e acidi grassi Omega-3. Scopri tutte le curiosit\u00e0 e le propriet\u00e0 nutrizionali del pesce Rio Mare.\" \/>\n<meta name=\"robots\" content=\"index, follow, max-snippet:-1, max-image-preview:large, max-video-preview:-1\" \/>\n<link rel=\"canonical\" href=\"https:\/\/www.riomare.ch\/it\/salute-e-benessere\/\" \/>\n<meta property=\"og:locale\" content=\"it_IT\" \/>\n<meta property=\"og:type\" content=\"article\" \/>\n<meta property=\"og:title\" content=\"Salute e Benessere - Rio Mare\" \/>\n<meta property=\"og:description\" content=\"Il pesce Rio Mare apporta la maggior parte dei nutrienti del pesce fresco e fornisce proteine nobili, sali minerali, vitamine e acidi grassi Omega-3. Scopri tutte le curiosit\u00e0 e le propriet\u00e0 nutrizionali del pesce Rio Mare.\" \/>\n<meta property=\"og:url\" content=\"https:\/\/www.riomare.ch\/it\/salute-e-benessere\/\" \/>\n<meta property=\"og:site_name\" content=\"Rio Mare\" \/>\n<meta property=\"article:modified_time\" content=\"2023-03-06T14:28:37+00:00\" \/>\n<meta name=\"twitter:card\" content=\"summary_large_image\" \/>\n<meta name=\"twitter:label1\" content=\"Tempo di lettura stimato\" \/>\n\t<meta name=\"twitter:data1\" content=\"7 minuti\" \/>\n<script type=\"application\/ld+json\" class=\"yoast-schema-graph\">{\"@context\":\"https:\/\/schema.org\",\"@graph\":[{\"@type\":\"WebPage\",\"@id\":\"https:\/\/www.riomare.ch\/it\/salute-e-benessere\/\",\"url\":\"https:\/\/www.riomare.ch\/it\/salute-e-benessere\/\",\"name\":\"Salute e Benessere - Rio Mare\",\"isPartOf\":{\"@id\":\"https:\/\/www.riomare.ch\/#website\"},\"datePublished\":\"2018-03-21T10:04:06+00:00\",\"dateModified\":\"2023-03-06T14:28:37+00:00\",\"description\":\"Il pesce Rio Mare apporta la maggior parte dei nutrienti del pesce fresco e fornisce proteine nobili, sali minerali, vitamine e acidi grassi Omega-3. Scopri tutte le curiosit\u00e0 e le propriet\u00e0 nutrizionali del pesce Rio Mare.\",\"breadcrumb\":{\"@id\":\"https:\/\/www.riomare.ch\/it\/salute-e-benessere\/#breadcrumb\"},\"inLanguage\":\"it-IT\",\"potentialAction\":[{\"@type\":\"ReadAction\",\"target\":[\"https:\/\/www.riomare.ch\/it\/salute-e-benessere\/\"]}]},{\"@type\":\"BreadcrumbList\",\"@id\":\"https:\/\/www.riomare.ch\/it\/salute-e-benessere\/#breadcrumb\",\"itemListElement\":[{\"@type\":\"ListItem\",\"position\":1,\"name\":\"Home\",\"item\":\"https:\/\/www.riomare.ch\/it\/\"},{\"@type\":\"ListItem\",\"position\":2,\"name\":\"Salute e Benessere\"}]},{\"@type\":\"WebSite\",\"@id\":\"https:\/\/www.riomare.ch\/#website\",\"url\":\"https:\/\/www.riomare.ch\/\",\"name\":\"Rio Mare\",\"description\":\"Rio Mare\",\"potentialAction\":[{\"@type\":\"SearchAction\",\"target\":{\"@type\":\"EntryPoint\",\"urlTemplate\":\"https:\/\/www.riomare.ch\/?s={search_term_string}\"},\"query-input\":\"required name=search_term_string\"}],\"inLanguage\":\"it-IT\"}]}<\/script>\n<!-- \/ Yoast SEO plugin. -->","yoast_head_json":{"title":"Salute e Benessere - Rio Mare","description":"Il pesce Rio Mare apporta la maggior parte dei nutrienti del pesce fresco e fornisce proteine nobili, sali minerali, vitamine e acidi grassi Omega-3. Scopri tutte le curiosit\u00e0 e le propriet\u00e0 nutrizionali del pesce Rio Mare.","robots":{"index":"index","follow":"follow","max-snippet":"max-snippet:-1","max-image-preview":"max-image-preview:large","max-video-preview":"max-video-preview:-1"},"canonical":"https:\/\/www.riomare.ch\/it\/salute-e-benessere\/","og_locale":"it_IT","og_type":"article","og_title":"Salute e Benessere - Rio Mare","og_description":"Il pesce Rio Mare apporta la maggior parte dei nutrienti del pesce fresco e fornisce proteine nobili, sali minerali, vitamine e acidi grassi Omega-3. Scopri tutte le curiosit\u00e0 e le propriet\u00e0 nutrizionali del pesce Rio Mare.","og_url":"https:\/\/www.riomare.ch\/it\/salute-e-benessere\/","og_site_name":"Rio Mare","article_modified_time":"2023-03-06T14:28:37+00:00","twitter_card":"summary_large_image","twitter_misc":{"Tempo di lettura stimato":"7 minuti"},"schema":{"@context":"https:\/\/schema.org","@graph":[{"@type":"WebPage","@id":"https:\/\/www.riomare.ch\/it\/salute-e-benessere\/","url":"https:\/\/www.riomare.ch\/it\/salute-e-benessere\/","name":"Salute e Benessere - Rio Mare","isPartOf":{"@id":"https:\/\/www.riomare.ch\/#website"},"datePublished":"2018-03-21T10:04:06+00:00","dateModified":"2023-03-06T14:28:37+00:00","description":"Il pesce Rio Mare apporta la maggior parte dei nutrienti del pesce fresco e fornisce proteine nobili, sali minerali, vitamine e acidi grassi Omega-3. Scopri tutte le curiosit\u00e0 e le propriet\u00e0 nutrizionali del pesce Rio Mare.","breadcrumb":{"@id":"https:\/\/www.riomare.ch\/it\/salute-e-benessere\/#breadcrumb"},"inLanguage":"it-IT","potentialAction":[{"@type":"ReadAction","target":["https:\/\/www.riomare.ch\/it\/salute-e-benessere\/"]}]},{"@type":"BreadcrumbList","@id":"https:\/\/www.riomare.ch\/it\/salute-e-benessere\/#breadcrumb","itemListElement":[{"@type":"ListItem","position":1,"name":"Home","item":"https:\/\/www.riomare.ch\/it\/"},{"@type":"ListItem","position":2,"name":"Salute e Benessere"}]},{"@type":"WebSite","@id":"https:\/\/www.riomare.ch\/#website","url":"https:\/\/www.riomare.ch\/","name":"Rio Mare","description":"Rio Mare","potentialAction":[{"@type":"SearchAction","target":{"@type":"EntryPoint","urlTemplate":"https:\/\/www.riomare.ch\/?s={search_term_string}"},"query-input":"required name=search_term_string"}],"inLanguage":"it-IT"}]}},"_links":{"self":[{"href":"https:\/\/www.riomare.ch\/it\/wp-json\/wp\/v2\/pages\/1013"}],"collection":[{"href":"https:\/\/www.riomare.ch\/it\/wp-json\/wp\/v2\/pages"}],"about":[{"href":"https:\/\/www.riomare.ch\/it\/wp-json\/wp\/v2\/types\/page"}],"author":[{"embeddable":true,"href":"https:\/\/www.riomare.ch\/it\/wp-json\/wp\/v2\/users\/3"}],"replies":[{"embeddable":true,"href":"https:\/\/www.riomare.ch\/it\/wp-json\/wp\/v2\/comments?post=1013"}],"version-history":[{"count":150,"href":"https:\/\/www.riomare.ch\/it\/wp-json\/wp\/v2\/pages\/1013\/revisions"}],"predecessor-version":[{"id":7368,"href":"https:\/\/www.riomare.ch\/it\/wp-json\/wp\/v2\/pages\/1013\/revisions\/7368"}],"wp:attachment":[{"href":"https:\/\/www.riomare.ch\/it\/wp-json\/wp\/v2\/media?parent=1013"}],"curies":[{"name":"wp","href":"https:\/\/api.w.org\/{rel}","templated":true}]}}