{"id":1088,"date":"2018-03-21T18:57:20","date_gmt":"2018-03-21T18:57:20","guid":{"rendered":"http:\/\/www.riomare.it\/?page_id=1088"},"modified":"2023-03-06T14:32:04","modified_gmt":"2023-03-06T14:32:04","slug":"preziose-risorse","status":"publish","type":"page","link":"https:\/\/www.riomare.ch\/it\/preziose-risorse\/","title":{"rendered":"Preziose risorse per il benessere"},"content":{"rendered":"\n\t<section class=\"section\" id=\"section_633956333\">\n\t\t<div class=\"bg section-bg fill bg-fill  bg-loaded\" >\n\n\t\t\t\n\t\t\t\n\t\t\t\n\n\t\t<\/div>\n\n\t\t<div class=\"section-content relative\">\n\t\t\t\n\n<div class=\"row row-collapse\"  id=\"row-544413140\">\n\n\n\t<div id=\"col-1807569674\" class=\"col medium-6 small-12 large-6\"  >\n\t\t\t\t<div class=\"col-inner\"  >\n\t\t\t\n\t\t\t\n\n\t<div class=\"img has-hover x md-x lg-x y md-y lg-y\" id=\"image_329799041\">\n\t\t\t\t\t\t\t\t<div class=\"img-inner dark\" >\n\t\t\t<img width=\"779\" height=\"971\" src=\"https:\/\/www.riomare.ch\/wp-content\/uploads\/2018\/03\/67.jpg\" class=\"attachment-original size-original\" alt=\"\" decoding=\"async\" loading=\"lazy\" srcset=\"https:\/\/www.riomare.ch\/wp-content\/uploads\/2018\/03\/67.jpg 779w, https:\/\/www.riomare.ch\/wp-content\/uploads\/2018\/03\/67-241x300.jpg 241w, https:\/\/www.riomare.ch\/wp-content\/uploads\/2018\/03\/67-768x957.jpg 768w\" sizes=\"(max-width: 779px) 100vw, 779px\" \/>\t\t\t\t\t\t\n\t\t\t\t\t<\/div>\n\t\t\t\t\t\t\t\t\n<style>\n#image_329799041 {\n  width: 100%;\n}\n<\/style>\n\t<\/div>\n\t\n\n\n\t\t<\/div>\n\t\t\t\t\t<\/div>\n\n\t\n\n\t<div id=\"col-171321534\" class=\"col medium-6 small-12 large-6\"  >\n\t\t\t\t<div class=\"col-inner\"  >\n\t\t\t\n\t\t\t\n\n<h3 class=\"plutobold\" style=\"font-size: 40px; margin-top: 0px !important; line-height: 45px;\">Preziose risorse<br \/>\nper il benessere<\/h3>\n<p style=\"color: #008fcc; font-size: 20px; line-height: 25px;\">Una miniera di proteine. Una porzione di tonno sgocciolato da 100 g fornisce a un adulto pi\u00f9 del 40% del fabbisogno proteico giornaliero.<\/p>\n<div class=\"sharingIcon\">\n<\/div>\n<p class=\"plutolight\" style=\"margin-top: 20px !important;\">Facilmente assimilabili, le proteine \u201cNOBILI\u201d sono fondamentali per la crescita, la costruzione e il mantenimento dei tessuti. Cento grammi tonno all\u2019olio di oliva contengono 17 g di proteine, che salgono a 22 g per 100 g se sgoccioliamo il prodotto, pi\u00f9 di una bistecca di manzo fresco dello stesso peso.<\/p>\n<p>E se consideriamo che a un adulto sono necessari ogni giorno tanti grammi di proteine quanti sono i chili del suo peso corporeo, il tonno \u00e8 uno tra gli alleati migliori per una alimentazione completa, corretta e leggera.<\/p>\n<p>Il tonno in scatola apporta sali minerali e vitamine importanti per il nostro organismo. E\u2019 ricco di Vitamina B12 che contribuisce alla riduzione della stanchezza e dell\u2019affaticamento; apporta iodio e fosforo che contribuiscono al normale metabolismo energetico.<\/p>\n\n\t\t<\/div>\n\t\t\t\t\t<\/div>\n\n\t\n\n\n<style>\n#row-544413140 > .col > .col-inner {\n  padding: 0px 15px 0px 15px;\n}\n<\/style>\n<\/div>\n\n\t\t<\/div>\n\n\t\t\n<style>\n#section_633956333 {\n  padding-top: 150px;\n  padding-bottom: 150px;\n  background-color: rgb(255, 255, 255);\n}\n<\/style>\n\t<\/section>\n\t\n\t<section class=\"section hoverposts dark\" id=\"section_722338582\">\n\t\t<div class=\"bg section-bg fill bg-fill  bg-loaded\" >\n\n\t\t\t\n\t\t\t\n\t\t\t\n\n\t\t<\/div>\n\n\t\t<div class=\"section-content relative\">\n\t\t\t\n\n<div class=\"row align-equal rowlarge\"  id=\"row-904894997\">\n\n\n\t<div id=\"col-1898988618\" class=\"col linkpescenelladieta medium-6 small-12 large-3\"  >\n\t\t\t\t<div class=\"col-inner\"  >\n\t\t\t\n\t\t\t\n\n<h3 class=\"plutobold\" style=\"padding: 0px 10px; font-size: 24px; line-height: 26px;\">Il pesce nella dieta mediterranea<\/h3>\n\t<div class=\"img has-hover x md-x lg-x y md-y lg-y\" id=\"image_589413904\">\n\t\t<a class=\"\" href=\"https:\/\/www.riomare.ch\/it\/il-pesce-nella-dieta-mediterranea\/\"  >\t\t\t\t\t\t<div class=\"img-inner dark\" >\n\t\t\t<img width=\"350\" height=\"200\" src=\"https:\/\/www.riomare.ch\/wp-content\/uploads\/2018\/04\/shutterstock_415721434.png\" class=\"attachment-large size-large\" alt=\"\" decoding=\"async\" loading=\"lazy\" srcset=\"https:\/\/www.riomare.ch\/wp-content\/uploads\/2018\/04\/shutterstock_415721434.png 350w, https:\/\/www.riomare.ch\/wp-content\/uploads\/2018\/04\/shutterstock_415721434-300x171.png 300w\" sizes=\"(max-width: 350px) 100vw, 350px\" \/>\t\t\t\t\t\t\n\t\t\t\t\t<\/div>\n\t\t\t\t\t\t<\/a>\t\t\n<style>\n#image_589413904 {\n  width: 100%;\n}\n<\/style>\n\t<\/div>\n\t\n\n<p style=\"font-size: 16px; line-height: 20px; padding: 0px 10px !important;\">Scopri tutte le curiosit\u00e0 e le propriet\u00e0 nutrizionali del pesce Rio Mare.<\/p>\n<p class=\"plutobold uppercase\" style=\"margin-top: 30px !important; font-size: 18px; padding: 0px 10px !important;\"><a href=\"\/it\/il-pesce-nella-dieta-mediterranea\/ \">Approfondisci<\/a><\/p>\n\n\t\t<\/div>\n\t\t\t\t\n<style>\n#col-1898988618 > .col-inner {\n  padding: 100px 10px 30px 10px;\n}\n<\/style>\n\t<\/div>\n\n\t\n\n\t<div id=\"col-102912186\" class=\"col linkprezioserisorse medium-6 small-12 large-3\"  >\n\t\t\t\t<div class=\"col-inner\"  >\n\t\t\t\n\t\t\t\n\n<h3 class=\"plutobold\" style=\"padding: 0px 10px; font-size: 24px; line-height: 26px;\">Preziose risorse per il benessere<\/h3>\n\t<div class=\"img has-hover x md-x lg-x y md-y lg-y\" id=\"image_1596526378\">\n\t\t<a class=\"\" href=\"https:\/\/www.riomare.ch\/it\/preziose-risorse\/\"  >\t\t\t\t\t\t<div class=\"img-inner dark\" >\n\t\t\t<img width=\"350\" height=\"200\" src=\"https:\/\/www.riomare.ch\/wp-content\/uploads\/2018\/04\/TO-O-008_L_crostone-andrea.png\" class=\"attachment-large size-large\" alt=\"\" decoding=\"async\" loading=\"lazy\" srcset=\"https:\/\/www.riomare.ch\/wp-content\/uploads\/2018\/04\/TO-O-008_L_crostone-andrea.png 350w, https:\/\/www.riomare.ch\/wp-content\/uploads\/2018\/04\/TO-O-008_L_crostone-andrea-300x171.png 300w\" sizes=\"(max-width: 350px) 100vw, 350px\" \/>\t\t\t\t\t\t\n\t\t\t\t\t<\/div>\n\t\t\t\t\t\t<\/a>\t\t\n<style>\n#image_1596526378 {\n  width: 100%;\n}\n<\/style>\n\t<\/div>\n\t\n\n<p style=\"font-size: 16px; line-height: 20px; padding: 0px 10px !important;\">Grazie al sostanzioso apporto di proteine, una porzione di tonno sgocciolato da 100 gr. fornisce a un adulto circa un decimo del fabbisogno calorico giornaliero.<\/p>\n<p class=\"plutobold uppercase\" style=\"margin-top: 30px !important; font-size: 18px; padding: 0px 10px !important;\"><a href=\"\/it\/preziose-risorse\/\">Approfondisci<\/a><\/p>\n\n\t\t<\/div>\n\t\t\t\t\n<style>\n#col-102912186 > .col-inner {\n  padding: 100px 10px 30px 10px;\n}\n<\/style>\n\t<\/div>\n\n\t\n\n\t<div id=\"col-1229042099\" class=\"col linkcrescerecongusto medium-6 small-12 large-3\"  >\n\t\t\t\t<div class=\"col-inner\"  >\n\t\t\t\n\t\t\t\n\n<h3 class=\"plutobold\" style=\"padding: 0px 10px; font-size: 24px; line-height: 26px;\">Crescere con gusto!<\/h3>\n\t<div class=\"img has-hover x md-x lg-x y md-y lg-y\" id=\"image_1270440537\">\n\t\t<a class=\"\" href=\"https:\/\/www.riomare.ch\/it\/il-pesce-rio-mare-per-i-bambini\/\"  >\t\t\t\t\t\t<div class=\"img-inner dark\" >\n\t\t\t<img width=\"350\" height=\"200\" src=\"https:\/\/www.riomare.ch\/wp-content\/uploads\/2018\/04\/shutterstock_727282390.png\" class=\"attachment-large size-large\" alt=\"\" decoding=\"async\" loading=\"lazy\" srcset=\"https:\/\/www.riomare.ch\/wp-content\/uploads\/2018\/04\/shutterstock_727282390.png 350w, https:\/\/www.riomare.ch\/wp-content\/uploads\/2018\/04\/shutterstock_727282390-300x171.png 300w\" sizes=\"(max-width: 350px) 100vw, 350px\" \/>\t\t\t\t\t\t\n\t\t\t\t\t<\/div>\n\t\t\t\t\t\t<\/a>\t\t\n<style>\n#image_1270440537 {\n  width: 100%;\n}\n<\/style>\n\t<\/div>\n\t\n\n<p style=\"font-size: 16px; line-height: 20px; padding: 0px 10px !important;\">Il Salmone Rio Mare \u00e8 un modo pratico e sano per far avvicinare i bambini al pesce, anche perch\u00e9 loro ne vanno pazzi! E sapete perch\u00e9? \u00c8 gustoso, non ha lische n\u00e8 odore!<\/p>\n<p class=\"plutobold uppercase\" style=\"margin-top: 30px !important; font-size: 18px; padding: 0px 10px !important;\"><a href=\"\/it\/il-pesce-rio-mare-per-i-bambini\/\">approfondisci<\/a><\/p>\n\n\t\t<\/div>\n\t\t\t\t\n<style>\n#col-1229042099 > .col-inner {\n  padding: 100px 10px 30px 10px;\n}\n<\/style>\n\t<\/div>\n\n\t\n\n\t<div id=\"col-1567351043\" class=\"col linkbenesserepochecalorie medium-6 small-12 large-3\"  >\n\t\t\t\t<div class=\"col-inner\"  >\n\t\t\t\n\t\t\t\n\n<h3 class=\"plutobold\" style=\"padding: 0px 10px; font-size: 24px; line-height: 26px;\">Il benessere in poche calorie<\/h3>\n\t<div class=\"img has-hover x md-x lg-x y md-y lg-y\" id=\"image_1012117119\">\n\t\t<a class=\"\" href=\"https:\/\/www.riomare.ch\/it\/il-benessere-in-poche-calorie\/\"  >\t\t\t\t\t\t<div class=\"img-inner dark\" >\n\t\t\t<img width=\"350\" height=\"200\" src=\"https:\/\/www.riomare.ch\/wp-content\/uploads\/2018\/04\/Livello-116.jpg\" class=\"attachment-large size-large\" alt=\"\" decoding=\"async\" loading=\"lazy\" srcset=\"https:\/\/www.riomare.ch\/wp-content\/uploads\/2018\/04\/Livello-116.jpg 350w, https:\/\/www.riomare.ch\/wp-content\/uploads\/2018\/04\/Livello-116-300x171.jpg 300w\" sizes=\"(max-width: 350px) 100vw, 350px\" \/>\t\t\t\t\t\t\n\t\t\t\t\t<\/div>\n\t\t\t\t\t\t<\/a>\t\t\n<style>\n#image_1012117119 {\n  width: 100%;\n}\n<\/style>\n\t<\/div>\n\t\n\n<p style=\"font-size: 16px; line-height: 20px; padding: 0px 10px !important;\">I prodotti Rio Mare sono pi\u00f9 leggeri e nutrienti di molti cibi che si trovano spesso sulla nostra tavola: li abbiamo confrontati per proporvi gustose alternative.<\/p>\n<p class=\"plutobold uppercase\" style=\"margin-top: 30px !important; font-size: 18px; padding: 0px 10px !important;\"><a href=\"\/it\/il-benessere-in-poche-calorie\/\">approfondisci<\/a><\/p>\n\n\t\t<\/div>\n\t\t\t\t\n<style>\n#col-1567351043 > .col-inner {\n  padding: 100px 10px 30px 10px;\n}\n<\/style>\n\t<\/div>\n\n\t\n\n<\/div>\n\n\t\t<\/div>\n\n\t\t\n<style>\n#section_722338582 {\n  padding-top: 70px;\n  padding-bottom: 70px;\n  background-color: rgb(81, 159, 201);\n}\n<\/style>\n\t<\/section>\n\t\n\t<section class=\"section sliderhomepage sliderproducts\" id=\"section_1520080860\">\n\t\t<div class=\"bg section-bg fill bg-fill  bg-loaded\" >\n\n\t\t\t\n\t\t\t\n\t\t\t\n\n\t\t<\/div>\n\n\t\t<div class=\"section-content relative\">\n\t\t\t\n\n<div class=\"slider-wrapper relative\" id=\"slider-1321841307\" >\n    <div class=\"slider slider-nav-simple slider-nav-large slider-nav-light slider-style-normal slider-show-nav\"\n        data-flickity-options='{\n            \"cellAlign\": \"center\",\n            \"imagesLoaded\": true,\n            \"lazyLoad\": 1,\n            \"freeScroll\": false,\n            \"wrapAround\": true,\n            \"autoPlay\": 4000,\n            \"pauseAutoPlayOnHover\" : true,\n            \"prevNextButtons\": true,\n            \"contain\" : true,\n            \"adaptiveHeight\" : true,\n            \"dragThreshold\" : 10,\n            \"percentPosition\": true,\n            \"pageDots\": true,\n            \"rightToLeft\": false,\n            \"draggable\": true,\n            \"selectedAttraction\": 0.1,\n            \"parallax\" : 0,\n            \"friction\": 0.6        }'\n        >\n        \n\n\n  <div class=\"banner has-hover\" id=\"banner-1517813215\">\n          <div class=\"banner-inner fill\">\n        <div class=\"banner-bg fill\" >\n            <div class=\"bg fill bg-fill \"><\/div>\n                                    \n                    <\/div>\n        <div class=\"banner-layers container\">\n            <div class=\"fill banner-link\"><\/div>            \n\n   <div id=\"text-box-514019978\" class=\"text-box banner-layer x50 md-x0 lg-x0 y90 md-y90 lg-y90 res-text\">\n                                <div class=\"text-box-content text \">\n              \n              <div class=\"text-inner text-center\">\n                  \n\n<div class=\"bannerbox\" style=\"text-align: left;\">\n<h1 class=\"uppercase plutobold\" style=\"font-size: 30px; line-height: 34px; letter-spacing: -2px;\"><strong>tonno<\/strong><\/h1>\n<p class=\"plutoregular bannersubtitle\" style=\"padding-top: 20px!important; padding-bottom: 30px!important;\">Gusto unico, elevata qualit\u00e0 e praticit\u00e0 in un unico prodotto. Il tonno in scatola Rio Mare \u00e8 una preziosa fonte di proteine, vitamine e minerali.<\/p>\n<\/div>\n<a href=\"https:\/\/www.riomare.ch\/it\/products\/tonno\/\" target=\"_self\" class=\"button primary bannerbutton bannerbuttoncolor2\"  >\n    <span>SCOPRI DI PI\u00d9<\/span>\n  <\/a>\n\n\n\n              <\/div>\n           <\/div>\n                            \n<style>\n#text-box-514019978 .text-box-content {\n  background-color: rgb(255, 255, 255);\n  font-size: 100%;\n}\n#text-box-514019978 .text-inner {\n  padding: 50px 50px 0px 50px;\n}\n#text-box-514019978 {\n  width: 90%;\n}\n@media (min-width:550px) {\n  #text-box-514019978 {\n    width: 80%;\n  }\n}\n@media (min-width:850px) {\n  #text-box-514019978 {\n    width: 30%;\n  }\n}\n<\/style>\n    <\/div>\n \n\n        <\/div>\n      <\/div>\n\n            \n<style>\n#banner-1517813215 {\n  padding-top: 700px;\n}\n#banner-1517813215 .bg.bg-loaded {\n  background-image: url(https:\/\/www.riomare.ch\/wp-content\/uploads\/2018\/04\/header-pagina-tonno.png);\n}\n#banner-1517813215 .bg {\n  background-position: center;\n}\n<\/style>\n  <\/div>\n\n\n\n  <div class=\"banner has-hover\" id=\"banner-948683826\">\n          <div class=\"banner-inner fill\">\n        <div class=\"banner-bg fill\" >\n            <div class=\"bg fill bg-fill \"><\/div>\n                                    \n                    <\/div>\n        <div class=\"banner-layers container\">\n            <div class=\"fill banner-link\"><\/div>            \n\n   <div id=\"text-box-9406862\" class=\"text-box banner-layer x50 md-x0 lg-x0 y90 md-y90 lg-y90 res-text\">\n                                <div class=\"text-box-content text \">\n              \n              <div class=\"text-inner text-center\">\n                  \n\n<div class=\"bannerbox\" style=\"text-align: left;\">\n<h1 class=\"uppercase plutobold\" style=\"font-size: 30px; line-height: 34px; letter-spacing: -2px;\"><strong>sgombro<\/strong><\/h1>\n<p class=\"plutoregular bannersubtitle\" style=\"padding-top: 20px!important; padding-bottom: 30px!important;\">Prova lo sgombro in scatola Rio Mare, connubio perfetto tra salute e gusto: tutte le propriet\u00e0 nutrizionali del pesce azzurro pronte da gustare.<\/p>\n<\/div>\n<a href=\"https:\/\/www.riomare.ch\/it\/products\/sgombro\/\" target=\"_self\" class=\"button primary bannerbutton bannerbuttoncolor2\"  >\n    <span>SCOPRI DI PI\u00d9<\/span>\n  <\/a>\n\n\n\n              <\/div>\n           <\/div>\n                            \n<style>\n#text-box-9406862 .text-box-content {\n  background-color: rgb(255, 255, 255);\n  font-size: 100%;\n}\n#text-box-9406862 .text-inner {\n  padding: 50px 50px 0px 50px;\n}\n#text-box-9406862 {\n  width: 90%;\n}\n@media (min-width:550px) {\n  #text-box-9406862 {\n    width: 80%;\n  }\n}\n@media (min-width:850px) {\n  #text-box-9406862 {\n    width: 30%;\n  }\n}\n<\/style>\n    <\/div>\n \n\n        <\/div>\n      <\/div>\n\n            \n<style>\n#banner-948683826 {\n  padding-top: 700px;\n}\n#banner-948683826 .bg.bg-loaded {\n  background-image: url(https:\/\/www.riomare.ch\/wp-content\/uploads\/2019\/02\/header-pagina-sgombro-1024x427-1024x427.png);\n}\n#banner-948683826 .bg {\n  background-position: center;\n}\n<\/style>\n  <\/div>\n\n\n\n     <\/div>\n\n     <div class=\"loading-spin dark large centered\"><\/div>\n\n          <style>\n            #slider-1321841307 .flickity-slider > * { max-width: 100% !important; }\n     <\/style>\n     \t<\/div>\n\n\n\n\t\t<\/div>\n\n\t\t\n<style>\n#section_1520080860 {\n  padding-top: 0px;\n  padding-bottom: 0px;\n}\n<\/style>\n\t<\/section>\n\t\n\n","protected":false},"excerpt":{"rendered":"","protected":false},"author":3,"featured_media":0,"parent":0,"menu_order":0,"comment_status":"closed","ping_status":"closed","template":"page-blank.php","meta":[],"acf":[],"yoast_head":"<!-- This site is optimized with the Yoast SEO plugin v20.1 - https:\/\/yoast.com\/wordpress\/plugins\/seo\/ -->\n<title>Preziose risorse per il benessere - Rio Mare<\/title>\n<meta name=\"description\" content=\"A un adulto sono necessari ogni giorno tanti grammi di proteine quanti sono i chili del suo peso corporeo.Per questo il tonno \u00e8 uno tra gli alleati migliori per una alimentazione completa, corretta e leggera. Sai perch\u00e9?\" \/>\n<meta name=\"robots\" content=\"index, follow, max-snippet:-1, max-image-preview:large, max-video-preview:-1\" \/>\n<link rel=\"canonical\" href=\"https:\/\/www.riomare.ch\/it\/preziose-risorse\/\" \/>\n<meta property=\"og:locale\" content=\"it_IT\" \/>\n<meta property=\"og:type\" content=\"article\" \/>\n<meta property=\"og:title\" content=\"Preziose risorse per il benessere - Rio Mare\" \/>\n<meta property=\"og:description\" content=\"A un adulto sono necessari ogni giorno tanti grammi di proteine quanti sono i chili del suo peso corporeo.Per questo il tonno \u00e8 uno tra gli alleati migliori per una alimentazione completa, corretta e leggera. Sai perch\u00e9?\" \/>\n<meta property=\"og:url\" content=\"https:\/\/www.riomare.ch\/it\/preziose-risorse\/\" \/>\n<meta property=\"og:site_name\" content=\"Rio Mare\" \/>\n<meta property=\"article:modified_time\" content=\"2023-03-06T14:32:04+00:00\" \/>\n<meta name=\"twitter:card\" content=\"summary_large_image\" \/>\n<meta name=\"twitter:label1\" content=\"Tempo di lettura stimato\" \/>\n\t<meta name=\"twitter:data1\" content=\"3 minuti\" \/>\n<script type=\"application\/ld+json\" class=\"yoast-schema-graph\">{\"@context\":\"https:\/\/schema.org\",\"@graph\":[{\"@type\":\"WebPage\",\"@id\":\"https:\/\/www.riomare.ch\/it\/preziose-risorse\/\",\"url\":\"https:\/\/www.riomare.ch\/it\/preziose-risorse\/\",\"name\":\"Preziose risorse per il benessere - Rio Mare\",\"isPartOf\":{\"@id\":\"https:\/\/www.riomare.ch\/#website\"},\"datePublished\":\"2018-03-21T18:57:20+00:00\",\"dateModified\":\"2023-03-06T14:32:04+00:00\",\"description\":\"A un adulto sono necessari ogni giorno tanti grammi di proteine quanti sono i chili del suo peso corporeo.Per questo il tonno \u00e8 uno tra gli alleati migliori per una alimentazione completa, corretta e leggera. Sai perch\u00e9?\",\"breadcrumb\":{\"@id\":\"https:\/\/www.riomare.ch\/it\/preziose-risorse\/#breadcrumb\"},\"inLanguage\":\"it-IT\",\"potentialAction\":[{\"@type\":\"ReadAction\",\"target\":[\"https:\/\/www.riomare.ch\/it\/preziose-risorse\/\"]}]},{\"@type\":\"BreadcrumbList\",\"@id\":\"https:\/\/www.riomare.ch\/it\/preziose-risorse\/#breadcrumb\",\"itemListElement\":[{\"@type\":\"ListItem\",\"position\":1,\"name\":\"Home\",\"item\":\"https:\/\/www.riomare.ch\/it\/\"},{\"@type\":\"ListItem\",\"position\":2,\"name\":\"Preziose risorse per il benessere\"}]},{\"@type\":\"WebSite\",\"@id\":\"https:\/\/www.riomare.ch\/#website\",\"url\":\"https:\/\/www.riomare.ch\/\",\"name\":\"Rio Mare\",\"description\":\"Rio Mare\",\"potentialAction\":[{\"@type\":\"SearchAction\",\"target\":{\"@type\":\"EntryPoint\",\"urlTemplate\":\"https:\/\/www.riomare.ch\/?s={search_term_string}\"},\"query-input\":\"required name=search_term_string\"}],\"inLanguage\":\"it-IT\"}]}<\/script>\n<!-- \/ Yoast SEO plugin. -->","yoast_head_json":{"title":"Preziose risorse per il benessere - Rio Mare","description":"A un adulto sono necessari ogni giorno tanti grammi di proteine quanti sono i chili del suo peso corporeo.Per questo il tonno \u00e8 uno tra gli alleati migliori per una alimentazione completa, corretta e leggera. Sai perch\u00e9?","robots":{"index":"index","follow":"follow","max-snippet":"max-snippet:-1","max-image-preview":"max-image-preview:large","max-video-preview":"max-video-preview:-1"},"canonical":"https:\/\/www.riomare.ch\/it\/preziose-risorse\/","og_locale":"it_IT","og_type":"article","og_title":"Preziose risorse per il benessere - Rio Mare","og_description":"A un adulto sono necessari ogni giorno tanti grammi di proteine quanti sono i chili del suo peso corporeo.Per questo il tonno \u00e8 uno tra gli alleati migliori per una alimentazione completa, corretta e leggera. Sai perch\u00e9?","og_url":"https:\/\/www.riomare.ch\/it\/preziose-risorse\/","og_site_name":"Rio Mare","article_modified_time":"2023-03-06T14:32:04+00:00","twitter_card":"summary_large_image","twitter_misc":{"Tempo di lettura stimato":"3 minuti"},"schema":{"@context":"https:\/\/schema.org","@graph":[{"@type":"WebPage","@id":"https:\/\/www.riomare.ch\/it\/preziose-risorse\/","url":"https:\/\/www.riomare.ch\/it\/preziose-risorse\/","name":"Preziose risorse per il benessere - Rio Mare","isPartOf":{"@id":"https:\/\/www.riomare.ch\/#website"},"datePublished":"2018-03-21T18:57:20+00:00","dateModified":"2023-03-06T14:32:04+00:00","description":"A un adulto sono necessari ogni giorno tanti grammi di proteine quanti sono i chili del suo peso corporeo.Per questo il tonno \u00e8 uno tra gli alleati migliori per una alimentazione completa, corretta e leggera. Sai perch\u00e9?","breadcrumb":{"@id":"https:\/\/www.riomare.ch\/it\/preziose-risorse\/#breadcrumb"},"inLanguage":"it-IT","potentialAction":[{"@type":"ReadAction","target":["https:\/\/www.riomare.ch\/it\/preziose-risorse\/"]}]},{"@type":"BreadcrumbList","@id":"https:\/\/www.riomare.ch\/it\/preziose-risorse\/#breadcrumb","itemListElement":[{"@type":"ListItem","position":1,"name":"Home","item":"https:\/\/www.riomare.ch\/it\/"},{"@type":"ListItem","position":2,"name":"Preziose risorse per il benessere"}]},{"@type":"WebSite","@id":"https:\/\/www.riomare.ch\/#website","url":"https:\/\/www.riomare.ch\/","name":"Rio Mare","description":"Rio Mare","potentialAction":[{"@type":"SearchAction","target":{"@type":"EntryPoint","urlTemplate":"https:\/\/www.riomare.ch\/?s={search_term_string}"},"query-input":"required name=search_term_string"}],"inLanguage":"it-IT"}]}},"_links":{"self":[{"href":"https:\/\/www.riomare.ch\/it\/wp-json\/wp\/v2\/pages\/1088"}],"collection":[{"href":"https:\/\/www.riomare.ch\/it\/wp-json\/wp\/v2\/pages"}],"about":[{"href":"https:\/\/www.riomare.ch\/it\/wp-json\/wp\/v2\/types\/page"}],"author":[{"embeddable":true,"href":"https:\/\/www.riomare.ch\/it\/wp-json\/wp\/v2\/users\/3"}],"replies":[{"embeddable":true,"href":"https:\/\/www.riomare.ch\/it\/wp-json\/wp\/v2\/comments?post=1088"}],"version-history":[{"count":58,"href":"https:\/\/www.riomare.ch\/it\/wp-json\/wp\/v2\/pages\/1088\/revisions"}],"predecessor-version":[{"id":7370,"href":"https:\/\/www.riomare.ch\/it\/wp-json\/wp\/v2\/pages\/1088\/revisions\/7370"}],"wp:attachment":[{"href":"https:\/\/www.riomare.ch\/it\/wp-json\/wp\/v2\/media?parent=1088"}],"curies":[{"name":"wp","href":"https:\/\/api.w.org\/{rel}","templated":true}]}}