{"id":2020,"date":"2018-04-05T08:00:57","date_gmt":"2018-04-05T08:00:57","guid":{"rendered":"http:\/\/www.riomare.it\/?page_id=2020"},"modified":"2020-09-29T08:17:41","modified_gmt":"2020-09-29T08:17:41","slug":"tracciabilita-old","status":"publish","type":"page","link":"https:\/\/www.riomare.ch\/it\/tracciabilita-old\/","title":{"rendered":"Tracciabilit\u00e0"},"content":{"rendered":"\n  <div class=\"banner has-hover\" id=\"banner-1643680128\">\n          <div class=\"banner-inner fill\">\n        <div class=\"banner-bg fill\" >\n            <div class=\"bg fill bg-fill \"><\/div>\n                                    \n                    <\/div>\n        <div class=\"banner-layers container\">\n            <div class=\"fill banner-link\"><\/div>            \n        <\/div>\n      <\/div>\n\n            \n<style>\n#banner-1643680128 {\n  padding-top: 350px;\n}\n#banner-1643680128 .bg.bg-loaded {\n  background-image: url(https:\/\/www.riomare.ch\/wp-content\/uploads\/2018\/04\/bannertracciabilita-1024x374.png);\n}\n<\/style>\n  <\/div>\n\n\n\t<section class=\"section tracciabilita2\" id=\"section_1774109575\">\n\t\t<div class=\"bg section-bg fill bg-fill  bg-loaded\" >\n\n\t\t\t\n\t\t\t\n\t\t\t\n\n\t\t<\/div>\n\n\t\t<div class=\"section-content relative\">\n\t\t\t\n<div class=\"row\"  id=\"row-914981597\">\n\n\t<div id=\"col-1784444973\" class=\"col small-12 large-12\"  >\n\t\t\t\t<div class=\"col-inner text-center\"  >\n\t\t\t\n\t\t\t\n<h1 class=\"plutobold uppercase\" style=\"font-size: 35px; letter-spacing: -1px; margin-bottom: 0px !important;\">TRACCIABILIT\u00e0<\/h1>\n<h4 class=\"plutolight\" style=\"font-size: 38px;\">Scopri la provenienza del tuo tonno<\/h4>\n\t\t<\/div>\n\t\t\t\t\t<\/div>\n\n\t\n<\/div>\n<div class=\"row\"  id=\"row-464535967\">\n\n\t<div id=\"col-649242230\" class=\"col medium-6 small-12 large-6\"  >\n\t\t\t\t<div class=\"col-inner\"  >\n\t\t\t\n\t\t\t\n\t<div class=\"img has-hover x md-x lg-x y md-y lg-y\" id=\"image_16603849\">\n\t\t\t\t\t\t\t\t<div class=\"img-inner dark\" >\n\t\t\t<img width=\"724\" height=\"679\" src=\"https:\/\/www.riomare.ch\/wp-content\/uploads\/2018\/04\/img_ITA.jpg\" class=\"attachment-large size-large\" alt=\"\" decoding=\"async\" loading=\"lazy\" srcset=\"https:\/\/www.riomare.ch\/wp-content\/uploads\/2018\/04\/img_ITA.jpg 724w, https:\/\/www.riomare.ch\/wp-content\/uploads\/2018\/04\/img_ITA-300x281.jpg 300w\" sizes=\"(max-width: 724px) 100vw, 724px\" \/>\t\t\t\t\t\t\n\t\t\t\t\t<\/div>\n\t\t\t\t\t\t\t\t\n<style>\n#image_16603849 {\n  width: 100%;\n}\n<\/style>\n\t<\/div>\n\t\n\t\t<\/div>\n\t\t\t\t\t<\/div>\n\n\t\n\n\t<div id=\"col-502602657\" class=\"col medium-6 small-12 large-6\"  >\n\t\t\t\t<div class=\"col-inner\"  >\n\t\t\t\n\t\t\t\n<p style=\"color: #008fcc; font-size: 15px; line-height: 19px;\">Un impegno trasparente, la tracciabilit\u00e0 dei prodotti.<\/p>\n<p class=\"plutolight\" style=\"font-size: 14px; line-height: 18px; margin-top: 20px !important;\">Il tonno che arriva sulla tavola di milioni di consumatori, in italia e nel mondo, ha una vera e propria biografia, dalla sua origine fino al suo arrivo sui banconi della grande distribuzione alimentare.<\/p>\n<p class=\"plutolight\" style=\"font-size: 14px; line-height: 18px; margin-top: 20px !important;\">E questa biografia \u00e8 \u201cscritta\u201d su ogni lattina, in modo che il consumatore ne sia informato dal momento della pesca a quello della lavorazione e dell&#8217;inscatolamento e poi della sterilizzazione, il tonno non viene mai \u201cperso di vista \u201c.<\/p>\n<p class=\"plutolight\" style=\"font-size: 14px; line-height: 18px; margin-top: 20px !important;\">Sulle navi, nello stabilimento, nei laboratori che conducono controlli e analisi di ogni tipo sul prodotto, il tonno viaggia con un proprio nome e cognome e indirizzo: si sa da quale mare proviene e su quale nave ha viaggiato, di quale lotto arrivato nello stabilimento facesse parte, in quale lattina si trovasse e in quale cesta fosse contenuta la lattina.<\/p>\n<p class=\"plutolight\" style=\"font-size: 14px; line-height: 18px; margin-top: 20px !important;\">Questo, in caso di difetti riscontrati su un esemplare, consente di risalire agli altri analoghi, con lo stesso percorso, per porvi rimedio. Consente, altres\u00ec, di valutare in qualsiasi momento la qualit\u00e0 del lavoro svolto da questo o quel fornitore durante la filiera produttiva.<\/p>\n<p class=\"plutolight\" style=\"font-size: 14px; line-height: 18px; margin-top: 20px !important;\">Con questo servizio online attraverso semplici e brevi step, potrai richiedere informazioni sull&#8217;origine del pesce utilizzato in qualsiasi confezione Rio Mare prodotta a partire dal 1 gennaio 2010. Per fare la richiesta \u00e8 importante che tu abbia la confezione a disposizione per poterne ricavare alcuni dati necessari a risalire alla provenienza del prodotto che hai acquistato. Riceverai una risposta entro 24\/48 ore lavorative.<\/p>\n<p>&nbsp;<\/p>\n<p>&nbsp;<\/p>\n\t\t<\/div>\n\t\t\t\t\t<\/div>\n\n\t\n\n\t<div id=\"col-367160915\" class=\"col small-12 large-12\"  >\n\t\t\t\t<div class=\"col-inner text-center\"  >\n\t\t\t\n\t\t\t\n<a rel=\"noopener noreferrer\" href=\"http:\/\/tracciabilita.riomare.it\/\" target=\"_blank\" class=\"button primary bluriomare\"  >\n    <span>Vai Al Form<\/span>\n  <\/a>\n\n\t\t<\/div>\n\t\t\t\t\t<\/div>\n\n\t\n<\/div>\n\t\t<\/div>\n\n\t\t\n<style>\n#section_1774109575 {\n  padding-top: 70px;\n  padding-bottom: 70px;\n  background-color: rgb(252, 234, 229);\n}\n<\/style>\n\t<\/section>\n\t\n\t<section class=\"section\" id=\"section_651993746\">\n\t\t<div class=\"bg section-bg fill bg-fill  bg-loaded\" >\n\n\t\t\t\n\t\t\t\n\t\t\t\n\n\t\t<\/div>\n\n\t\t<div class=\"section-content relative\">\n\t\t\t\n<div class=\"row\"  id=\"row-433029400\">\n\n\t<div id=\"col-284515721\" class=\"col medium-6 small-12 large-6\"  >\n\t\t\t\t<div class=\"col-inner\"  >\n\t\t\t\n\t\t\t\n<h3 class=\"plutobold\" style=\"font-size: 30px; margin-top: 0px !important; line-height: 35px;\">Scopri la provenienza<br \/>\ndel tuo tonno<\/h3>\n<p class=\"plutolight\" style=\"font-size: 14px; line-height: 18px; margin-top: 20px !important;\">Per informazioni vai alla nostra pagina di <a style=\"color: #008fcc; font-size: 15px; line-height: 19px;\" href=\"\/contatti\/\" rel=\"noopener\">Contatti<\/a><\/p>\n\t\t<\/div>\n\t\t\t\t\t<\/div>\n\n\t\n\n\t<div id=\"col-1815102658\" class=\"col medium-6 small-12 large-6\"  >\n\t\t\t\t<div class=\"col-inner\"  >\n\t\t\t\n\t\t\t\n<p class=\"plutolight\" style=\"font-size: 14px; line-height: 18px;\">Proprio per rendere sempre pi\u00f9 <span class=\"plutobold\">diretto e trasparente il rapporto con i nostri consumatori<\/span>, abbiamo istituito un canale preferenziale che funziona in tempo reale. Scriveteci e comunicateci i vostri dubbi, le vostre richieste, i vostri interrogativi.<\/p>\n<p class=\"plutolight\" style=\"font-size: 14px; line-height: 18px; margin-top: 20px !important;\"><span class=\"plutobold\"><br \/>\nI nostri esperti vi risponderanno immediatamente<\/span>: alla vostra domanda seguir\u00e0 la nostra risposta.<\/p>\n\t\t<\/div>\n\t\t\t\t\t<\/div>\n\n\t\n<\/div>\n\t\t<\/div>\n\n\t\t\n<style>\n#section_651993746 {\n  padding-top: 30px;\n  padding-bottom: 30px;\n  background-color: rgb(255, 255, 255);\n}\n<\/style>\n\t<\/section>\n\t\n<p><!-- Tag for Activity Group: ALLsite, Activity Name:\nALLsite_CounterUU_Riomare_IT, Activity ID: 7266931 --><!-- Expected URL: http:\/\/www.riomare.it --><!--\nEvent snippet for ALLsite_CounterUU_Riomare_IT on\nhttp:\/\/www.riomare.it: Please do not remove.\nPlace this snippet on pages with events you\u2019re tracking.\nCreation date: 04\/12\/2018\n--><script>gtag('event', 'conversion', {'allow_custom_scripts': true,'u1': 'Pagina','u14': 'Page','u15': 'http:\/\/www.riomare.it\/tracciabilita-etichetta-alimentare\/ ','u2': 'Rio Mare','u3': 'Tracciabilit\u00e0 - Etichetta Alimentare','u5': 'Italy','u6': 'it','send_to': 'DC-8524524\/allsi0\/allsi0+unique'});\n<\/script><noscript><img\nsrc=\"https:\/\/ad.doubleclick.net\/ddm\/activity\/src=8524524;type=allsi0;c\nat=allsi0;u1=Pagina;u2=Rio Mare;u3=Italy;u5=\nItalia;u6=it;u14=Page;u15=http:\/\/www.riomare.it\/tracciabilita-etichetta-alimentare\/ ;dc_lat=;dc_rdid=;tag_for_child_directed_treatment=\n;ord=1;num=1?\" width=\"1\" height=\"1\" alt=\"\"\/><\/noscript><!-- End of event snippet: Please do not remove --><!-- Tag for Activity Group: ALLsite, Activity Name:\nALLsite_CounterUU_Riomare_IT, Activity ID: 7266931 --><!-- Expected URL: http:\/\/www.riomare.it --><!--\nEvent snippet for ALLsite_CounterUU_Riomare_IT on\nhttp:\/\/www.riomare.it: Please do not remove.\nPlace this snippet on pages with events you\u2019re tracking.\nCreation date: 04\/12\/2018\n--><script>gtag('event', 'conversion', {'allow_custom_scripts': true,'u1': 'Pagina','u14': 'Page','u15': 'http:\/\/www.riomare.it\/tracciabilita-etichetta-alimentare\/ ','u2': 'Rio Mare','u3': 'Tracciabilit\u00e0 - Etichetta Alimentare','u5': 'Italy','u6': 'it','send_to': 'DC-8524524\/allsi0\/allsi0+unique'});\n<\/script><noscript><img\nsrc=\"https:\/\/ad.doubleclick.net\/ddm\/activity\/src=8524524;type=allsi0;c\nat=allsi0;u1=Pagina;u2=Rio Mare;u3=Italy;u5=\nItalia;u6=it;u14=Page;u15=http:\/\/www.riomare.it\/tracciabilita-etichetta-alimentare\/ ;dc_lat=;dc_rdid=;tag_for_child_directed_treatment=\n;ord=1;num=1?\" width=\"1\" height=\"1\" alt=\"\"\/><\/noscript><!-- End of event snippet: Please do not remove --><\/p>\n","protected":false},"excerpt":{"rendered":"","protected":false},"author":3,"featured_media":0,"parent":0,"menu_order":0,"comment_status":"closed","ping_status":"closed","template":"page-blank.php","meta":[],"acf":[],"yoast_head":"<!-- This site is optimized with the Yoast SEO plugin v20.1 - https:\/\/yoast.com\/wordpress\/plugins\/seo\/ -->\n<title>Tracciabilit\u00e0<\/title>\n<meta name=\"description\" content=\"Da dove arriva il tonno che metti in tavola? Rio Mare si impegna affinch\u00e9 la tracciabilit\u00e0 del prodotto sia facile e trasparente. Scopri di pi\u00f9!\" \/>\n<meta name=\"robots\" content=\"index, follow, max-snippet:-1, max-image-preview:large, max-video-preview:-1\" \/>\n<link rel=\"canonical\" href=\"https:\/\/www.riomare.ch\/it\/tracciabilita-old\/\" \/>\n<meta property=\"og:locale\" content=\"it_IT\" \/>\n<meta property=\"og:type\" content=\"article\" \/>\n<meta property=\"og:title\" content=\"Tracciabilit\u00e0\" \/>\n<meta property=\"og:description\" content=\"Da dove arriva il tonno che metti in tavola? Rio Mare si impegna affinch\u00e9 la tracciabilit\u00e0 del prodotto sia facile e trasparente. Scopri di pi\u00f9!\" \/>\n<meta property=\"og:url\" content=\"https:\/\/www.riomare.ch\/it\/tracciabilita-old\/\" \/>\n<meta property=\"og:site_name\" content=\"Rio Mare\" \/>\n<meta property=\"article:modified_time\" content=\"2020-09-29T08:17:41+00:00\" \/>\n<meta name=\"twitter:card\" content=\"summary_large_image\" \/>\n<meta name=\"twitter:label1\" content=\"Tempo di lettura stimato\" \/>\n\t<meta name=\"twitter:data1\" content=\"2 minuti\" \/>\n<script type=\"application\/ld+json\" class=\"yoast-schema-graph\">{\"@context\":\"https:\/\/schema.org\",\"@graph\":[{\"@type\":\"WebPage\",\"@id\":\"https:\/\/www.riomare.ch\/it\/tracciabilita-old\/\",\"url\":\"https:\/\/www.riomare.ch\/it\/tracciabilita-old\/\",\"name\":\"Tracciabilit\u00e0\",\"isPartOf\":{\"@id\":\"https:\/\/www.riomare.ch\/#website\"},\"datePublished\":\"2018-04-05T08:00:57+00:00\",\"dateModified\":\"2020-09-29T08:17:41+00:00\",\"description\":\"Da dove arriva il tonno che metti in tavola? Rio Mare si impegna affinch\u00e9 la tracciabilit\u00e0 del prodotto sia facile e trasparente. Scopri di pi\u00f9!\",\"breadcrumb\":{\"@id\":\"https:\/\/www.riomare.ch\/it\/tracciabilita-old\/#breadcrumb\"},\"inLanguage\":\"it-IT\",\"potentialAction\":[{\"@type\":\"ReadAction\",\"target\":[\"https:\/\/www.riomare.ch\/it\/tracciabilita-old\/\"]}]},{\"@type\":\"BreadcrumbList\",\"@id\":\"https:\/\/www.riomare.ch\/it\/tracciabilita-old\/#breadcrumb\",\"itemListElement\":[{\"@type\":\"ListItem\",\"position\":1,\"name\":\"Home\",\"item\":\"https:\/\/www.riomare.ch\/it\/\"},{\"@type\":\"ListItem\",\"position\":2,\"name\":\"Tracciabilit\u00e0\"}]},{\"@type\":\"WebSite\",\"@id\":\"https:\/\/www.riomare.ch\/#website\",\"url\":\"https:\/\/www.riomare.ch\/\",\"name\":\"Rio Mare\",\"description\":\"Rio Mare\",\"potentialAction\":[{\"@type\":\"SearchAction\",\"target\":{\"@type\":\"EntryPoint\",\"urlTemplate\":\"https:\/\/www.riomare.ch\/?s={search_term_string}\"},\"query-input\":\"required name=search_term_string\"}],\"inLanguage\":\"it-IT\"}]}<\/script>\n<!-- \/ Yoast SEO plugin. -->","yoast_head_json":{"title":"Tracciabilit\u00e0","description":"Da dove arriva il tonno che metti in tavola? Rio Mare si impegna affinch\u00e9 la tracciabilit\u00e0 del prodotto sia facile e trasparente. Scopri di pi\u00f9!","robots":{"index":"index","follow":"follow","max-snippet":"max-snippet:-1","max-image-preview":"max-image-preview:large","max-video-preview":"max-video-preview:-1"},"canonical":"https:\/\/www.riomare.ch\/it\/tracciabilita-old\/","og_locale":"it_IT","og_type":"article","og_title":"Tracciabilit\u00e0","og_description":"Da dove arriva il tonno che metti in tavola? Rio Mare si impegna affinch\u00e9 la tracciabilit\u00e0 del prodotto sia facile e trasparente. Scopri di pi\u00f9!","og_url":"https:\/\/www.riomare.ch\/it\/tracciabilita-old\/","og_site_name":"Rio Mare","article_modified_time":"2020-09-29T08:17:41+00:00","twitter_card":"summary_large_image","twitter_misc":{"Tempo di lettura stimato":"2 minuti"},"schema":{"@context":"https:\/\/schema.org","@graph":[{"@type":"WebPage","@id":"https:\/\/www.riomare.ch\/it\/tracciabilita-old\/","url":"https:\/\/www.riomare.ch\/it\/tracciabilita-old\/","name":"Tracciabilit\u00e0","isPartOf":{"@id":"https:\/\/www.riomare.ch\/#website"},"datePublished":"2018-04-05T08:00:57+00:00","dateModified":"2020-09-29T08:17:41+00:00","description":"Da dove arriva il tonno che metti in tavola? Rio Mare si impegna affinch\u00e9 la tracciabilit\u00e0 del prodotto sia facile e trasparente. Scopri di pi\u00f9!","breadcrumb":{"@id":"https:\/\/www.riomare.ch\/it\/tracciabilita-old\/#breadcrumb"},"inLanguage":"it-IT","potentialAction":[{"@type":"ReadAction","target":["https:\/\/www.riomare.ch\/it\/tracciabilita-old\/"]}]},{"@type":"BreadcrumbList","@id":"https:\/\/www.riomare.ch\/it\/tracciabilita-old\/#breadcrumb","itemListElement":[{"@type":"ListItem","position":1,"name":"Home","item":"https:\/\/www.riomare.ch\/it\/"},{"@type":"ListItem","position":2,"name":"Tracciabilit\u00e0"}]},{"@type":"WebSite","@id":"https:\/\/www.riomare.ch\/#website","url":"https:\/\/www.riomare.ch\/","name":"Rio Mare","description":"Rio Mare","potentialAction":[{"@type":"SearchAction","target":{"@type":"EntryPoint","urlTemplate":"https:\/\/www.riomare.ch\/?s={search_term_string}"},"query-input":"required name=search_term_string"}],"inLanguage":"it-IT"}]}},"_links":{"self":[{"href":"https:\/\/www.riomare.ch\/it\/wp-json\/wp\/v2\/pages\/2020"}],"collection":[{"href":"https:\/\/www.riomare.ch\/it\/wp-json\/wp\/v2\/pages"}],"about":[{"href":"https:\/\/www.riomare.ch\/it\/wp-json\/wp\/v2\/types\/page"}],"author":[{"embeddable":true,"href":"https:\/\/www.riomare.ch\/it\/wp-json\/wp\/v2\/users\/3"}],"replies":[{"embeddable":true,"href":"https:\/\/www.riomare.ch\/it\/wp-json\/wp\/v2\/comments?post=2020"}],"version-history":[{"count":27,"href":"https:\/\/www.riomare.ch\/it\/wp-json\/wp\/v2\/pages\/2020\/revisions"}],"predecessor-version":[{"id":6329,"href":"https:\/\/www.riomare.ch\/it\/wp-json\/wp\/v2\/pages\/2020\/revisions\/6329"}],"wp:attachment":[{"href":"https:\/\/www.riomare.ch\/it\/wp-json\/wp\/v2\/media?parent=2020"}],"curies":[{"name":"wp","href":"https:\/\/api.w.org\/{rel}","templated":true}]}}